{"id":24555,"date":"2024-05-06T18:53:40","date_gmt":"2024-05-06T16:53:40","guid":{"rendered":"https:\/\/sixphere.com\/your-free-digitalization-consultancy\/"},"modified":"2025-03-12T10:16:48","modified_gmt":"2025-03-12T09:16:48","slug":"your-free-digitalization-consultancy","status":"publish","type":"page","link":"https:\/\/sixphere.com\/en\/your-free-digitalization-consultancy\/","title":{"rendered":"Your free digitalization consultancy"},"content":{"rendered":"<p>[et_pb_section fb_built=&#8221;1&#8243; custom_padding_last_edited=&#8221;on|phone&#8221; admin_label=&#8221;Secci\u00f3n&#8221; _builder_version=&#8221;4.23.2&#8243; _module_preset=&#8221;default&#8221; background_color=&#8221;#11E4B2&#8243; min_height_tablet=&#8221;100vh&#8221; min_height_phone=&#8221;100vh&#8221; min_height_last_edited=&#8221;on|desktop&#8221; overflow-x=&#8221;hidden&#8221; overflow-y=&#8221;hidden&#8221; custom_margin=&#8221;0px|0px|0px|0px|true|true&#8221; custom_padding=&#8221;0px|0px|0px|0px|true|true&#8221; custom_padding_tablet=&#8221;0px|0px|0px|0px|true|true&#8221; custom_padding_phone=&#8221;0px|0px|0px|0px|true|true&#8221; custom_css_main_element=&#8221;padding-top: 0px !important;||scroll-snap-align: start;||scroll-snap-stop: normal;&#8221; locked=&#8221;off&#8221; global_colors_info=&#8221;{}&#8221;][et_pb_row column_structure=&#8221;1_2,1_2&#8243; make_equal=&#8221;on&#8221; _builder_version=&#8221;4.25.0&#8243; _module_preset=&#8221;default&#8221; width_tablet=&#8221;90%&#8221; width_phone=&#8221;90%&#8221; width_last_edited=&#8221;on|tablet&#8221; max_width=&#8221;80%&#8221; max_width_tablet=&#8221;90%&#8221; max_width_phone=&#8221;90%&#8221; max_width_last_edited=&#8221;on|tablet&#8221; module_alignment=&#8221;center&#8221; min_height=&#8221;100vh&#8221; custom_padding=&#8221;||0px||false|false&#8221; global_colors_info=&#8221;{}&#8221;][et_pb_column type=&#8221;1_2&#8243; _builder_version=&#8221;4.25.0&#8243; _module_preset=&#8221;default&#8221; positioning=&#8221;none&#8221; position_origin_a=&#8221;center_left&#8221; position_origin_a_tablet=&#8221;center_left&#8221; position_origin_a_phone=&#8221;center_left&#8221; position_origin_a_last_edited=&#8221;on|desktop&#8221; position_origin_f_tablet=&#8221;&#8221; position_origin_f_phone=&#8221;&#8221; position_origin_f_last_edited=&#8221;on|desktop&#8221; position_origin_r_tablet=&#8221;&#8221; position_origin_r_phone=&#8221;&#8221; position_origin_r_last_edited=&#8221;on|desktop&#8221; custom_padding=&#8221;0px|0px|0px|0px|true|true&#8221; positioning_tablet=&#8221;none&#8221; positioning_phone=&#8221;none&#8221; positioning_last_edited=&#8221;on|tablet&#8221; global_colors_info=&#8221;{}&#8221;][et_pb_text disabled_on=&#8221;off|off|off&#8221; admin_label=&#8221;T\u00edtulo Desktop&#8221; _builder_version=&#8221;4.25.0&#8243; _module_preset=&#8221;default&#8221; text_font=&#8221;|300|||||||&#8221; text_text_color=&#8221;#000000&#8243; header_font=&#8221;|300|||||||&#8221; header_text_color=&#8221;#000000&#8243; position_origin_a=&#8221;center_left&#8221; position_origin_a_tablet=&#8221;center_left&#8221; position_origin_a_phone=&#8221;center_left&#8221; position_origin_a_last_edited=&#8221;off|desktop&#8221; position_origin_f_last_edited=&#8221;off|desktop&#8221; position_origin_r_last_edited=&#8221;off|desktop&#8221; width_tablet=&#8221;100%&#8221; width_phone=&#8221;100%&#8221; width_last_edited=&#8221;off|desktop&#8221; custom_margin=&#8221;20%||40px||false|false&#8221; custom_margin_tablet=&#8221;&#8221; custom_margin_phone=&#8221;120px||||false|false&#8221; custom_margin_last_edited=&#8221;on|phone&#8221; text_font_size_last_edited=&#8221;off|desktop&#8221; header_font_size_last_edited=&#8221;off|desktop&#8221; positioning_tablet=&#8221;none&#8221; positioning_phone=&#8221;none&#8221; positioning_last_edited=&#8221;off|desktop&#8221; global_colors_info=&#8221;{}&#8221;]<\/p>\n<h1>Your first digitalization consultancy, <b>free<\/b>.<\/h1>\n<p style=\"margin-top: 30px;\">Do you have a lot of data and don\u2019t know what to do with it? Do you want to digitize your processes but don\u2019t know where to start? Do you need a dashboard?  <\/p>\n<p>[\/et_pb_text][dsm_button _builder_version=&#8221;4.25.0&#8243; _module_preset=&#8221;default&#8221; button_one_text=&#8221;Get your consultancy&#8221; custom_button_one=&#8221;on&#8221; button_one_bg_color=&#8221;#683def&#8221; button_one_bg_enable_color=&#8221;on&#8221; button_one_border_width=&#8221;0px&#8221; button_one_border_radius=&#8221;12px&#8221; button_one_text_color=&#8221;#FFFFFF&#8221; button_one_custom_padding=&#8221;10px||10px||false|false&#8221; button_one_url=&#8221;#tu-consultoria&#8221; button_two_text=&#8221;Schedule a meeting&#8221; custom_button_two=&#8221;on&#8221; button_two_bg_color=&#8221;#ff0e57&#8243; button_two_bg_enable_color=&#8221;on&#8221; button_two_border_width=&#8221;0px&#8221; button_two_text_color=&#8221;#FFFFFF&#8221; button_two_border_radius=&#8221;12px&#8221; button_two_custom_padding=&#8221;10px||10px||false|false&#8221; button_two_bg_color__hover_enabled=&#8221;on|hover&#8221; button_two_text_color__hover_enabled=&#8221;on|desktop&#8221; button_one_bg_color__hover_enabled=&#8221;on|hover&#8221; button_one_text_color__hover_enabled=&#8221;on|desktop&#8221; button_two_url=&#8221;https:\/\/meetings.hubspot.com\/jesus-maria-jurado&#8221; button_two_url_new_window=&#8221;on&#8221; hover_enabled=&#8221;0&#8243; sticky_enabled=&#8221;0&#8243; custom_margin=&#8221;0px||80px||false|false&#8221; button_one_bg_color__hover=&#8221;rgba(104,61,239,0.2)&#8221; button_one_bg_enable_color__hover=&#8221;on&#8221; button_one_text_size__hover_enabled=&#8221;on|hover&#8221; button_one_text_color__hover=&#8221;#101820&#8243; button_two_text_color__hover=&#8221;#101820&#8243; button_two_bg_color__hover=&#8221;rgba(255,14,87,0.2)&#8221; button_two_bg_enable_color__hover=&#8221;on&#8221; disabled_on=&#8221;on|on|off&#8221; button_one_use_icon=&#8221;off&#8221; button_two_use_icon=&#8221;off&#8221;][\/dsm_button][dsm_button _builder_version=&#8221;4.25.0&#8243; _module_preset=&#8221;default&#8221; button_one_text=&#8221;Get your consultancy&#8221; custom_button_one=&#8221;on&#8221; button_one_bg_color=&#8221;#683def&#8221; button_one_bg_enable_color=&#8221;on&#8221; button_one_border_width=&#8221;0px&#8221; button_one_border_radius=&#8221;12px&#8221; button_one_text_color=&#8221;#FFFFFF&#8221; button_one_custom_padding=&#8221;10px||10px||false|false&#8221; button_one_url=&#8221;#tu-consultoria&#8221; custom_button_two=&#8221;on&#8221; button_two_bg_color=&#8221;#ff0e57&#8243; button_two_bg_enable_color=&#8221;on&#8221; button_two_border_width=&#8221;0px&#8221; button_two_text_color=&#8221;#FFFFFF&#8221; button_two_border_radius=&#8221;12px&#8221; button_two_icon=&#8221;&#xe023;||divi||400&#8243; button_two_custom_padding=&#8221;10px||10px||false|false&#8221; button_two_on_hover=&#8221;off&#8221; button_two_icon_placement=&#8221;left&#8221; button_two_bg_color__hover_enabled=&#8221;on|hover&#8221; button_two_text_color__hover_enabled=&#8221;on|desktop&#8221; button_one_bg_color__hover_enabled=&#8221;on|hover&#8221; button_one_text_color__hover_enabled=&#8221;on|desktop&#8221; button_two_url_new_window=&#8221;on&#8221; hover_enabled=&#8221;0&#8243; sticky_enabled=&#8221;0&#8243; custom_margin=&#8221;0px||80px||false|false&#8221; button_one_bg_color__hover=&#8221;rgba(104,61,239,0.2)&#8221; button_one_bg_enable_color__hover=&#8221;on&#8221; button_one_text_size__hover_enabled=&#8221;on|hover&#8221; button_one_text_color__hover=&#8221;#101820&#8243; button_two_text_color__hover=&#8221;#101820&#8243; button_two_bg_color__hover=&#8221;rgba(255,14,87,0.2)&#8221; button_two_bg_enable_color__hover=&#8221;on&#8221; disabled_on=&#8221;off|off|on&#8221; button_one_use_icon=&#8221;off&#8221;][\/dsm_button][\/et_pb_column][et_pb_column type=&#8221;1_2&#8243; disabled_on=&#8221;off|off|off&#8221; _builder_version=&#8221;4.25.0&#8243; _module_preset=&#8221;default&#8221; background_enable_image=&#8221;off&#8221; background_size=&#8221;custom&#8221; background_image_width=&#8221;100%&#8221; background_position=&#8221;bottom_center&#8221; positioning=&#8221;none&#8221; position_origin_a=&#8221;center_right&#8221; global_colors_info=&#8221;{}&#8221;][et_pb_image src=&#8221;https:\/\/sixphere.com\/wp-content\/uploads\/2024\/05\/Digitaliza-tus-procesos-con-Sixphere.png&#8221; alt=&#8221;Digitize your processes with Sixphere&#8221; title_text=&#8221;Digitize your processes with Sixphere&#8221; force_fullwidth=&#8221;on&#8221; _builder_version=&#8221;4.25.0&#8243; _module_preset=&#8221;default&#8221; position_origin_a=&#8221;center_right&#8221; custom_margin=&#8221;100px||||false|false&#8221; custom_margin_tablet=&#8221;0px||||false|false&#8221; custom_margin_phone=&#8221;0px||||false|false&#8221; custom_margin_last_edited=&#8221;on|desktop&#8221; global_colors_info=&#8221;{}&#8221;][\/et_pb_image][\/et_pb_column][\/et_pb_row][et_pb_row _builder_version=&#8221;4.25.0&#8243; _module_preset=&#8221;default&#8221; global_colors_info=&#8221;{}&#8221;][et_pb_column type=&#8221;4_4&#8243; _builder_version=&#8221;4.25.0&#8243; _module_preset=&#8221;default&#8221; global_colors_info=&#8221;{}&#8221;][\/et_pb_column][\/et_pb_row][\/et_pb_section][et_pb_section fb_built=&#8221;1&#8243; custom_padding_last_edited=&#8221;on|phone&#8221; admin_label=&#8221;Secci\u00f3n&#8221; module_class=&#8221;section-inner&#8221; _builder_version=&#8221;4.25.0&#8243; _module_preset=&#8221;default&#8221; background_color=&#8221;#FFFFFF&#8221; z_index=&#8221;1&#8243; min_height=&#8221;100vh&#8221; overflow-x=&#8221;hidden&#8221; overflow-y=&#8221;hidden&#8221; custom_padding=&#8221;0px||0px||false|false&#8221; custom_padding_tablet=&#8221;||300px||false|false&#8221; custom_padding_phone=&#8221;||50px||false|false&#8221; custom_css_main_element=&#8221;scroll-snap-align: start;||scroll-snap-stop: normal;&#8221; locked=&#8221;off&#8221; global_colors_info=&#8221;{}&#8221;][et_pb_row column_structure=&#8221;1_2,1_2&#8243; use_custom_gutter=&#8221;on&#8221; gutter_width=&#8221;4&#8243; make_equal=&#8221;on&#8221; _builder_version=&#8221;4.25.0&#8243; _module_preset=&#8221;default&#8221; width=&#8221;90%&#8221; width_tablet=&#8221;90%&#8221; width_phone=&#8221;100%&#8221; width_last_edited=&#8221;on|desktop&#8221; max_width=&#8221;90%&#8221; max_width_tablet=&#8221;90%&#8221; max_width_phone=&#8221;100%&#8221; max_width_last_edited=&#8221;on|desktop&#8221; custom_margin=&#8221;||0px||false|false&#8221; custom_padding=&#8221;0px||0px|||&#8221; global_colors_info=&#8221;{}&#8221;][et_pb_column type=&#8221;1_2&#8243; _builder_version=&#8221;4.25.0&#8243; _module_preset=&#8221;default&#8221; global_colors_info=&#8221;{}&#8221; custom_css_main_element_last_edited=&#8221;on|phone&#8221; custom_css_main_element_phone=&#8221;margin-bottom: 0px !important;&#8221;][et_pb_image src=&#8221;https:\/\/sixphere.com\/wp-content\/uploads\/2024\/05\/Tu-consultoria-de-digitalizacion-ahora-y-gratis-con-Sixphere.png&#8221; alt=&#8221;Your digitalization consultancy now, free with Sixphere&#8221; title_text=&#8221;Your digitalization consultancy now, free with Sixphere&#8221; align=&#8221;center&#8221; _builder_version=&#8221;4.25.0&#8243; _module_preset=&#8221;default&#8221; width=&#8221;100%&#8221; width_tablet=&#8221;100%&#8221; width_phone=&#8221;90%&#8221; width_last_edited=&#8221;on|phone&#8221; max_width=&#8221;600px&#8221; max_width_tablet=&#8221;600px&#8221; max_width_phone=&#8221;90%&#8221; max_width_last_edited=&#8221;on|desktop&#8221; module_alignment=&#8221;right&#8221; module_alignment_tablet=&#8221;center&#8221; module_alignment_phone=&#8221;center&#8221; module_alignment_last_edited=&#8221;on|tablet&#8221; global_colors_info=&#8221;{}&#8221;][\/et_pb_image][\/et_pb_column][et_pb_column type=&#8221;1_2&#8243; _builder_version=&#8221;4.25.0&#8243; _module_preset=&#8221;default&#8221; global_colors_info=&#8221;{}&#8221; custom_css_main_element_last_edited=&#8221;on|desktop&#8221;][et_pb_text module_id=&#8221;tu-consultoria&#8221; _builder_version=&#8221;4.25.0&#8243; _module_preset=&#8221;default&#8221; text_font=&#8221;&#8211;et_global_body_font|300|||||||&#8221; text_font_size=&#8221;26px&#8221; text_line_height=&#8221;1.3em&#8221; width=&#8221;90%&#8221; width_tablet=&#8221;90%&#8221; width_phone=&#8221;100%&#8221; width_last_edited=&#8221;on|phone&#8221; max_width=&#8221;600px&#8221; max_width_tablet=&#8221;600px&#8221; max_width_phone=&#8221;100%&#8221; max_width_last_edited=&#8221;on|desktop&#8221; module_alignment=&#8221;center&#8221; custom_margin=&#8221;200px||40px||false|false&#8221; custom_margin_tablet=&#8221;200px||40px||false|false&#8221; custom_margin_phone=&#8221;0px||||false|false&#8221; custom_margin_last_edited=&#8221;on|phone&#8221; custom_padding_tablet=&#8221;&#8221; custom_padding_phone=&#8221;50px|5%|50px|5%|false|false&#8221; custom_padding_last_edited=&#8221;on|phone&#8221; text_text_color_tablet=&#8221;&#8221; text_text_color_phone=&#8221;#FFFFFF&#8221; text_text_color_last_edited=&#8221;on|phone&#8221; background_color_phone=&#8221;#FF0E57&#8243; background_last_edited=&#8221;on|phone&#8221; background_enable_color_phone=&#8221;on&#8221; global_colors_info=&#8221;{}&#8221;]If you prefer, <a style=\"text-decoration: underline;\" href=\"https:\/\/meetings.hubspot.com\/jesus-maria-jurado\" target=\"_blank\" title=\"Schedule a meeting now\" rel=\"noopener\">you can schedule a meeting with us directly<\/a>. And remember, <b>no strings attached!<\/b> Just getting to know each other will be worth it.[\/et_pb_text][et_pb_code _builder_version=&#8221;4.25.0&#8243; _module_preset=&#8221;default&#8221; background_color=&#8221;rgba(17,228,178,0.09)&#8221; width=&#8221;90%&#8221; width_tablet=&#8221;90%&#8221; width_phone=&#8221;95%&#8221; width_last_edited=&#8221;on|phone&#8221; max_width=&#8221;600px&#8221; max_width_tablet=&#8221;600px&#8221; max_width_phone=&#8221;95%&#8221; max_width_last_edited=&#8221;on|desktop&#8221; module_alignment=&#8221;center&#8221; custom_margin=&#8221;0px||||false|false&#8221; custom_padding=&#8221;50px|50px|50px|50px|true|true&#8221; hover_enabled=&#8221;0&#8243; border_radii=&#8221;on|6px|6px|6px|6px&#8221; border_width_all=&#8221;1px&#8221; border_color_all=&#8221;#11E4B2&#8243; global_colors_info=&#8221;{}&#8221; custom_padding_last_edited=&#8221;on|phone&#8221; sticky_enabled=&#8221;0&#8243; custom_padding_tablet=&#8221;30px|30px|30px|30px|true|true&#8221; custom_padding_phone=&#8221;20px|20px|20px|20px|true|true&#8221;]\n\t\t\t\t\t\t<script>\n\t\t\t\t\t\t\twindow.hsFormsOnReady = window.hsFormsOnReady || [];\n\t\t\t\t\t\t\twindow.hsFormsOnReady.push(()=>{\n\t\t\t\t\t\t\t\thbspt.forms.create({\n\t\t\t\t\t\t\t\t\tportalId: 6108352,\n\t\t\t\t\t\t\t\t\tformId: \"3aa48b3c-944f-485a-b2a9-efff14421888\",\n\t\t\t\t\t\t\t\t\ttarget: \"#hbspt-form-1777561897000-4007465867\",\n\t\t\t\t\t\t\t\t\tregion: \"na1\",\n\t\t\t\t\t\t\t\t\t\n\t\t\t\t\t\t\t})});\n\t\t\t\t\t\t<\/script>\n\t\t\t\t\t\t<div class=\"hbspt-form\" id=\"hbspt-form-1777561897000-4007465867\"><\/div>[\/et_pb_code][\/et_pb_column][\/et_pb_row][\/et_pb_section]<\/p>\n","protected":false},"excerpt":{"rendered":"<p>Start optimizing your production processes and take control of your business. Sixphere offers you your first digitalization consultancy for free. <\/p>\n","protected":false},"author":1,"featured_media":24279,"parent":0,"menu_order":0,"comment_status":"closed","ping_status":"closed","template":"","meta":{"_acf_changed":false,"_et_pb_use_builder":"on","_et_pb_old_content":"","_et_gb_content_width":"","content-type":"","footnotes":""},"class_list":["post-24555","page","type-page","status-publish","has-post-thumbnail","hentry"],"acf":[],"yoast_head":"<!-- This site is optimized with the Yoast SEO plugin v27.4 - https:\/\/yoast.com\/product\/yoast-seo-wordpress\/ -->\n<title>Your free digitalization consultancy - Sixphere - Innovaci\u00f3n que conecta tu empresa<\/title>\n<meta name=\"description\" content=\"Start optimizing your production processes and take control of your business. Sixphere offers you your first digitalization consultancy for free.\" \/>\n<meta name=\"robots\" content=\"index, follow, max-snippet:-1, max-image-preview:large, max-video-preview:-1\" \/>\n<link rel=\"canonical\" href=\"https:\/\/sixphere.com\/en\/your-free-digitalization-consultancy\/\" \/>\n<meta property=\"og:locale\" content=\"en_US\" \/>\n<meta property=\"og:type\" content=\"article\" \/>\n<meta property=\"og:title\" content=\"Your free digitalization consultancy - Sixphere - Innovaci\u00f3n que conecta tu empresa\" \/>\n<meta property=\"og:description\" content=\"Start optimizing your production processes and take control of your business. Sixphere offers you your first digitalization consultancy for free.\" \/>\n<meta property=\"og:url\" content=\"https:\/\/sixphere.com\/en\/your-free-digitalization-consultancy\/\" \/>\n<meta property=\"og:site_name\" content=\"Sixphere - Innovaci\u00f3n que conecta tu empresa\" \/>\n<meta property=\"article:publisher\" content=\"https:\/\/www.facebook.com\/6phere\/\" \/>\n<meta property=\"article:modified_time\" content=\"2025-03-12T09:16:48+00:00\" \/>\n<meta property=\"og:image\" content=\"https:\/\/sixphere.com\/wp-content\/uploads\/2024\/05\/Consultoria-gratis.png\" \/>\n\t<meta property=\"og:image:width\" content=\"1895\" \/>\n\t<meta property=\"og:image:height\" content=\"872\" \/>\n\t<meta property=\"og:image:type\" content=\"image\/png\" \/>\n<meta name=\"twitter:card\" content=\"summary_large_image\" \/>\n<meta name=\"twitter:site\" content=\"@6phere\" \/>\n<meta name=\"twitter:label1\" content=\"Est. reading time\" \/>\n\t<meta name=\"twitter:data1\" content=\"8 minutes\" \/>\n<script type=\"application\/ld+json\" class=\"yoast-schema-graph\">{\"@context\":\"https:\\\/\\\/schema.org\",\"@graph\":[{\"@type\":\"WebPage\",\"@id\":\"https:\\\/\\\/sixphere.com\\\/en\\\/your-free-digitalization-consultancy\\\/\",\"url\":\"https:\\\/\\\/sixphere.com\\\/en\\\/your-free-digitalization-consultancy\\\/\",\"name\":\"Your free digitalization consultancy - Sixphere - Innovaci\u00f3n que conecta tu empresa\",\"isPartOf\":{\"@id\":\"https:\\\/\\\/sixphere.com\\\/en\\\/#website\"},\"primaryImageOfPage\":{\"@id\":\"https:\\\/\\\/sixphere.com\\\/en\\\/your-free-digitalization-consultancy\\\/#primaryimage\"},\"image\":{\"@id\":\"https:\\\/\\\/sixphere.com\\\/en\\\/your-free-digitalization-consultancy\\\/#primaryimage\"},\"thumbnailUrl\":\"https:\\\/\\\/sixphere.com\\\/wp-content\\\/uploads\\\/2024\\\/05\\\/Consultoria-gratis.png\",\"datePublished\":\"2024-05-06T16:53:40+00:00\",\"dateModified\":\"2025-03-12T09:16:48+00:00\",\"description\":\"Start optimizing your production processes and take control of your business. Sixphere offers you your first digitalization consultancy for free.\",\"breadcrumb\":{\"@id\":\"https:\\\/\\\/sixphere.com\\\/en\\\/your-free-digitalization-consultancy\\\/#breadcrumb\"},\"inLanguage\":\"en-US\",\"potentialAction\":[{\"@type\":\"ReadAction\",\"target\":[\"https:\\\/\\\/sixphere.com\\\/en\\\/your-free-digitalization-consultancy\\\/\"]}]},{\"@type\":\"ImageObject\",\"inLanguage\":\"en-US\",\"@id\":\"https:\\\/\\\/sixphere.com\\\/en\\\/your-free-digitalization-consultancy\\\/#primaryimage\",\"url\":\"https:\\\/\\\/sixphere.com\\\/wp-content\\\/uploads\\\/2024\\\/05\\\/Consultoria-gratis.png\",\"contentUrl\":\"https:\\\/\\\/sixphere.com\\\/wp-content\\\/uploads\\\/2024\\\/05\\\/Consultoria-gratis.png\",\"width\":1895,\"height\":872},{\"@type\":\"BreadcrumbList\",\"@id\":\"https:\\\/\\\/sixphere.com\\\/en\\\/your-free-digitalization-consultancy\\\/#breadcrumb\",\"itemListElement\":[{\"@type\":\"ListItem\",\"position\":1,\"name\":\"Portada\",\"item\":\"https:\\\/\\\/sixphere.com\\\/en\\\/\"},{\"@type\":\"ListItem\",\"position\":2,\"name\":\"Your free digitalization consultancy\"}]},{\"@type\":\"WebSite\",\"@id\":\"https:\\\/\\\/sixphere.com\\\/en\\\/#website\",\"url\":\"https:\\\/\\\/sixphere.com\\\/en\\\/\",\"name\":\"Sixphere Technologies\",\"description\":\"Construimos tecnolog\u00eda de innovaci\u00f3n que conecta tu empresa de forma eficiente, \u00fatil y escalable con IA, datos, software e integraci\u00f3n.\",\"publisher\":{\"@id\":\"https:\\\/\\\/sixphere.com\\\/en\\\/#organization\"},\"potentialAction\":[{\"@type\":\"SearchAction\",\"target\":{\"@type\":\"EntryPoint\",\"urlTemplate\":\"https:\\\/\\\/sixphere.com\\\/en\\\/?s={search_term_string}\"},\"query-input\":{\"@type\":\"PropertyValueSpecification\",\"valueRequired\":true,\"valueName\":\"search_term_string\"}}],\"inLanguage\":\"en-US\"},{\"@type\":\"Organization\",\"@id\":\"https:\\\/\\\/sixphere.com\\\/en\\\/#organization\",\"name\":\"Sixphere Technologies\",\"url\":\"https:\\\/\\\/sixphere.com\\\/en\\\/\",\"logo\":{\"@type\":\"ImageObject\",\"inLanguage\":\"en-US\",\"@id\":\"https:\\\/\\\/sixphere.com\\\/en\\\/#\\\/schema\\\/logo\\\/image\\\/\",\"url\":\"https:\\\/\\\/sixphere.com\\\/wp-content\\\/uploads\\\/2023\\\/12\\\/sixphere-isopo-main.jpg\",\"contentUrl\":\"https:\\\/\\\/sixphere.com\\\/wp-content\\\/uploads\\\/2023\\\/12\\\/sixphere-isopo-main.jpg\",\"width\":750,\"height\":600,\"caption\":\"Sixphere Technologies\"},\"image\":{\"@id\":\"https:\\\/\\\/sixphere.com\\\/en\\\/#\\\/schema\\\/logo\\\/image\\\/\"},\"sameAs\":[\"https:\\\/\\\/www.facebook.com\\\/6phere\\\/\",\"https:\\\/\\\/x.com\\\/6phere\",\"https:\\\/\\\/es.linkedin.com\\\/company\\\/sixphere\"]}]}<\/script>\n<!-- \/ Yoast SEO plugin. -->","yoast_head_json":{"title":"Your free digitalization consultancy - Sixphere - Innovaci\u00f3n que conecta tu empresa","description":"Start optimizing your production processes and take control of your business. Sixphere offers you your first digitalization consultancy for free.","robots":{"index":"index","follow":"follow","max-snippet":"max-snippet:-1","max-image-preview":"max-image-preview:large","max-video-preview":"max-video-preview:-1"},"canonical":"https:\/\/sixphere.com\/en\/your-free-digitalization-consultancy\/","og_locale":"en_US","og_type":"article","og_title":"Your free digitalization consultancy - Sixphere - Innovaci\u00f3n que conecta tu empresa","og_description":"Start optimizing your production processes and take control of your business. Sixphere offers you your first digitalization consultancy for free.","og_url":"https:\/\/sixphere.com\/en\/your-free-digitalization-consultancy\/","og_site_name":"Sixphere - Innovaci\u00f3n que conecta tu empresa","article_publisher":"https:\/\/www.facebook.com\/6phere\/","article_modified_time":"2025-03-12T09:16:48+00:00","og_image":[{"width":1895,"height":872,"url":"https:\/\/sixphere.com\/wp-content\/uploads\/2024\/05\/Consultoria-gratis.png","type":"image\/png"}],"twitter_card":"summary_large_image","twitter_site":"@6phere","twitter_misc":{"Est. reading time":"8 minutes"},"schema":{"@context":"https:\/\/schema.org","@graph":[{"@type":"WebPage","@id":"https:\/\/sixphere.com\/en\/your-free-digitalization-consultancy\/","url":"https:\/\/sixphere.com\/en\/your-free-digitalization-consultancy\/","name":"Your free digitalization consultancy - Sixphere - Innovaci\u00f3n que conecta tu empresa","isPartOf":{"@id":"https:\/\/sixphere.com\/en\/#website"},"primaryImageOfPage":{"@id":"https:\/\/sixphere.com\/en\/your-free-digitalization-consultancy\/#primaryimage"},"image":{"@id":"https:\/\/sixphere.com\/en\/your-free-digitalization-consultancy\/#primaryimage"},"thumbnailUrl":"https:\/\/sixphere.com\/wp-content\/uploads\/2024\/05\/Consultoria-gratis.png","datePublished":"2024-05-06T16:53:40+00:00","dateModified":"2025-03-12T09:16:48+00:00","description":"Start optimizing your production processes and take control of your business. Sixphere offers you your first digitalization consultancy for free.","breadcrumb":{"@id":"https:\/\/sixphere.com\/en\/your-free-digitalization-consultancy\/#breadcrumb"},"inLanguage":"en-US","potentialAction":[{"@type":"ReadAction","target":["https:\/\/sixphere.com\/en\/your-free-digitalization-consultancy\/"]}]},{"@type":"ImageObject","inLanguage":"en-US","@id":"https:\/\/sixphere.com\/en\/your-free-digitalization-consultancy\/#primaryimage","url":"https:\/\/sixphere.com\/wp-content\/uploads\/2024\/05\/Consultoria-gratis.png","contentUrl":"https:\/\/sixphere.com\/wp-content\/uploads\/2024\/05\/Consultoria-gratis.png","width":1895,"height":872},{"@type":"BreadcrumbList","@id":"https:\/\/sixphere.com\/en\/your-free-digitalization-consultancy\/#breadcrumb","itemListElement":[{"@type":"ListItem","position":1,"name":"Portada","item":"https:\/\/sixphere.com\/en\/"},{"@type":"ListItem","position":2,"name":"Your free digitalization consultancy"}]},{"@type":"WebSite","@id":"https:\/\/sixphere.com\/en\/#website","url":"https:\/\/sixphere.com\/en\/","name":"Sixphere Technologies","description":"Construimos tecnolog\u00eda de innovaci\u00f3n que conecta tu empresa de forma eficiente, \u00fatil y escalable con IA, datos, software e integraci\u00f3n.","publisher":{"@id":"https:\/\/sixphere.com\/en\/#organization"},"potentialAction":[{"@type":"SearchAction","target":{"@type":"EntryPoint","urlTemplate":"https:\/\/sixphere.com\/en\/?s={search_term_string}"},"query-input":{"@type":"PropertyValueSpecification","valueRequired":true,"valueName":"search_term_string"}}],"inLanguage":"en-US"},{"@type":"Organization","@id":"https:\/\/sixphere.com\/en\/#organization","name":"Sixphere Technologies","url":"https:\/\/sixphere.com\/en\/","logo":{"@type":"ImageObject","inLanguage":"en-US","@id":"https:\/\/sixphere.com\/en\/#\/schema\/logo\/image\/","url":"https:\/\/sixphere.com\/wp-content\/uploads\/2023\/12\/sixphere-isopo-main.jpg","contentUrl":"https:\/\/sixphere.com\/wp-content\/uploads\/2023\/12\/sixphere-isopo-main.jpg","width":750,"height":600,"caption":"Sixphere Technologies"},"image":{"@id":"https:\/\/sixphere.com\/en\/#\/schema\/logo\/image\/"},"sameAs":["https:\/\/www.facebook.com\/6phere\/","https:\/\/x.com\/6phere","https:\/\/es.linkedin.com\/company\/sixphere"]}]}},"_links":{"self":[{"href":"https:\/\/sixphere.com\/en\/wp-json\/wp\/v2\/pages\/24555","targetHints":{"allow":["GET"]}}],"collection":[{"href":"https:\/\/sixphere.com\/en\/wp-json\/wp\/v2\/pages"}],"about":[{"href":"https:\/\/sixphere.com\/en\/wp-json\/wp\/v2\/types\/page"}],"author":[{"embeddable":true,"href":"https:\/\/sixphere.com\/en\/wp-json\/wp\/v2\/users\/1"}],"replies":[{"embeddable":true,"href":"https:\/\/sixphere.com\/en\/wp-json\/wp\/v2\/comments?post=24555"}],"version-history":[{"count":0,"href":"https:\/\/sixphere.com\/en\/wp-json\/wp\/v2\/pages\/24555\/revisions"}],"wp:featuredmedia":[{"embeddable":true,"href":"https:\/\/sixphere.com\/en\/wp-json\/wp\/v2\/media\/24279"}],"wp:attachment":[{"href":"https:\/\/sixphere.com\/en\/wp-json\/wp\/v2\/media?parent=24555"}],"curies":[{"name":"wp","href":"https:\/\/api.w.org\/{rel}","templated":true}]}}