{"id":24554,"date":"2024-11-18T19:33:32","date_gmt":"2024-11-18T18:33:32","guid":{"rendered":"https:\/\/sixphere.com\/your-digital-self-assessment-help-us-design-your-digitalization-plan\/"},"modified":"2025-03-11T17:27:11","modified_gmt":"2025-03-11T16:27:11","slug":"your-digital-self-assessment-help-us-design-your-digitalization-plan","status":"publish","type":"page","link":"https:\/\/sixphere.com\/en\/your-digital-self-assessment-help-us-design-your-digitalization-plan\/","title":{"rendered":"Your digital self-assessment. Help us design your digitalization plan."},"content":{"rendered":"<p>[et_pb_section fb_built=&#8221;1&#8243; _builder_version=&#8221;4.27.3&#8243; _module_preset=&#8221;default&#8221; background_color=&#8221;#221633&#8243; background_image=&#8221;https:\/\/sixphere.com\/wp-content\/uploads\/2023\/11\/09_Servicios_ruleta-roso.png&#8221; background_size=&#8221;custom&#8221; background_image_width=&#8221;20%&#8221; background_position=&#8221;bottom_left&#8221; min_height=&#8221;100vh&#8221; custom_padding=&#8221;||150px|||&#8221; global_colors_info=&#8221;{}&#8221;][et_pb_row _builder_version=&#8221;4.27.3&#8243; _module_preset=&#8221;default&#8221; global_colors_info=&#8221;{}&#8221;][et_pb_column type=&#8221;4_4&#8243; _builder_version=&#8221;4.27.3&#8243; _module_preset=&#8221;default&#8221; global_colors_info=&#8221;{}&#8221;][et_pb_text _builder_version=&#8221;4.27.3&#8243; _module_preset=&#8221;default&#8221; text_font=&#8221;||||||||&#8221; header_2_font=&#8221;|300|||||||&#8221; header_2_text_align=&#8221;center&#8221; header_2_text_color=&#8221;#FFFFFF&#8221; header_2_font_size=&#8221;60px&#8221; header_2_line_height=&#8221;1.2em&#8221; custom_margin=&#8221;40px||10px||false|false&#8221; scroll_horizontal_motion=&#8221;0|50|50|100|-4|0|0&#8243; locked=&#8221;off&#8221; global_colors_info=&#8221;{}&#8221;]<\/p>\n<h2>Steps towards<br \/><strong>efficient, effective, and real<\/strong> digitalization.<\/h2>\n<p>[\/et_pb_text][et_pb_text _builder_version=&#8221;4.27.3&#8243; _module_preset=&#8221;6e279e87-5ea4-4515-9d2b-4b5094273954&#8243; text_text_color=&#8221;#FFFFFF&#8221; text_orientation=&#8221;center&#8221; custom_margin=&#8221;30px||0px||false|false&#8221; custom_padding=&#8221;0px||0px||false|false&#8221; scroll_vertical_motion=&#8221;0|50|50|100|-4|0|0&#8243; locked=&#8221;off&#8221; global_colors_info=&#8221;{}&#8221;]<\/p>\n<p>Complete this simple digital self-assessment form and we will help you design a digitalization plan tailored to your business objectives.<\/p>\n<p>[\/et_pb_text][et_pb_button button_url=&#8221;#formulario-autoevaluacion-digital&#8221; button_text=&#8221;Start now!&#8221; button_alignment=&#8221;center&#8221; _builder_version=&#8221;4.27.3&#8243; _module_preset=&#8221;default&#8221; custom_button=&#8221;on&#8221; button_text_size=&#8221;20px&#8221; button_text_color=&#8221;#FFFFFF&#8221; button_bg_color=&#8221;#FF0E57&#8243; button_border_width=&#8221;0px&#8221; button_border_color=&#8221;#FF0E57&#8243; button_border_radius=&#8221;12px&#8221; button_font=&#8221;||||||||&#8221; button_use_icon=&#8221;off&#8221; custom_margin=&#8221;50px||||false|false&#8221; custom_padding=&#8221;10px|25px|10px|25px|true|true&#8221; locked=&#8221;off&#8221; global_colors_info=&#8221;{}&#8221;][\/et_pb_button][\/et_pb_column][\/et_pb_row][\/et_pb_section][et_pb_section fb_built=&#8221;1&#8243; _builder_version=&#8221;4.27.3&#8243; _module_preset=&#8221;default&#8221; background_color=&#8221;#11E4B2&#8243; min_height=&#8221;100vh&#8221; hover_enabled=&#8221;0&#8243; global_colors_info=&#8221;{}&#8221; sticky_enabled=&#8221;0&#8243;][et_pb_row _builder_version=&#8221;4.27.3&#8243; _module_preset=&#8221;default&#8221; width=&#8221;90%&#8221; max_width=&#8221;90%&#8221; custom_padding=&#8221;40px||100px||false|false&#8221; hover_enabled=&#8221;0&#8243; global_colors_info=&#8221;{}&#8221; module_id=&#8221;formulario-autoevaluacion-digital&#8221; sticky_enabled=&#8221;0&#8243;][et_pb_column type=&#8221;4_4&#8243; _builder_version=&#8221;4.27.3&#8243; _module_preset=&#8221;default&#8221; global_colors_info=&#8221;{}&#8221;][et_pb_code _builder_version=&#8221;4.27.3&#8243; _module_preset=&#8221;default&#8221; global_colors_info=&#8221;{}&#8221;]<script type=\"text\/javascript\" src=\"https:\/\/form.jotform.com\/jsform\/243172149629057\"><\/script>[\/et_pb_code][\/et_pb_column][\/et_pb_row][\/et_pb_section]<\/p>\n","protected":false},"excerpt":{"rendered":"<p>Steps towards efficient, effective, and real digitalization. Complete this simple digital self-assessment form and we will help you design a digitalization plan tailored to your business objectives. <\/p>\n","protected":false},"author":1,"featured_media":24239,"parent":0,"menu_order":0,"comment_status":"closed","ping_status":"closed","template":"","meta":{"_acf_changed":false,"_et_pb_use_builder":"on","_et_pb_old_content":"","_et_gb_content_width":"","content-type":"","footnotes":""},"class_list":["post-24554","page","type-page","status-publish","has-post-thumbnail","hentry"],"acf":[],"yoast_head":"<!-- This site is optimized with the Yoast SEO plugin v27.4 - https:\/\/yoast.com\/product\/yoast-seo-wordpress\/ -->\n<title>Help us design your digitalization plan - Sixphere - Innovaci\u00f3n que conecta tu empresa<\/title>\n<meta name=\"description\" content=\"Steps towards efficient, effective, and real digitalization. Complete this form and we will design a plan aligned with your business objectives.\" \/>\n<meta name=\"robots\" content=\"index, follow, max-snippet:-1, max-image-preview:large, max-video-preview:-1\" \/>\n<link rel=\"canonical\" href=\"https:\/\/sixphere.com\/en\/your-digital-self-assessment-help-us-design-your-digitalization-plan\/\" \/>\n<meta property=\"og:locale\" content=\"en_US\" \/>\n<meta property=\"og:type\" content=\"article\" \/>\n<meta property=\"og:title\" content=\"Help us design your digitalization plan - Sixphere - Innovaci\u00f3n que conecta tu empresa\" \/>\n<meta property=\"og:description\" content=\"Steps towards efficient, effective, and real digitalization. Complete this form and we will design a plan aligned with your business objectives.\" \/>\n<meta property=\"og:url\" content=\"https:\/\/sixphere.com\/en\/your-digital-self-assessment-help-us-design-your-digitalization-plan\/\" \/>\n<meta property=\"og:site_name\" content=\"Sixphere - Innovaci\u00f3n que conecta tu empresa\" \/>\n<meta property=\"article:publisher\" content=\"https:\/\/www.facebook.com\/6phere\/\" \/>\n<meta property=\"article:modified_time\" content=\"2025-03-11T16:27:11+00:00\" \/>\n<meta property=\"og:image\" content=\"https:\/\/sixphere.com\/wp-content\/uploads\/2024\/02\/sixphere-servicios-main.png\" \/>\n\t<meta property=\"og:image:width\" content=\"1280\" \/>\n\t<meta property=\"og:image:height\" content=\"720\" \/>\n\t<meta property=\"og:image:type\" content=\"image\/png\" \/>\n<meta name=\"twitter:card\" content=\"summary_large_image\" \/>\n<meta name=\"twitter:site\" content=\"@6phere\" \/>\n<meta name=\"twitter:label1\" content=\"Est. reading time\" \/>\n\t<meta name=\"twitter:data1\" content=\"2 minutes\" \/>\n<script type=\"application\/ld+json\" class=\"yoast-schema-graph\">{\"@context\":\"https:\\\/\\\/schema.org\",\"@graph\":[{\"@type\":\"WebPage\",\"@id\":\"https:\\\/\\\/sixphere.com\\\/en\\\/your-digital-self-assessment-help-us-design-your-digitalization-plan\\\/\",\"url\":\"https:\\\/\\\/sixphere.com\\\/en\\\/your-digital-self-assessment-help-us-design-your-digitalization-plan\\\/\",\"name\":\"Help us design your digitalization plan - Sixphere - Innovaci\u00f3n que conecta tu empresa\",\"isPartOf\":{\"@id\":\"https:\\\/\\\/sixphere.com\\\/en\\\/#website\"},\"primaryImageOfPage\":{\"@id\":\"https:\\\/\\\/sixphere.com\\\/en\\\/your-digital-self-assessment-help-us-design-your-digitalization-plan\\\/#primaryimage\"},\"image\":{\"@id\":\"https:\\\/\\\/sixphere.com\\\/en\\\/your-digital-self-assessment-help-us-design-your-digitalization-plan\\\/#primaryimage\"},\"thumbnailUrl\":\"https:\\\/\\\/sixphere.com\\\/wp-content\\\/uploads\\\/2024\\\/02\\\/sixphere-servicios-main.png\",\"datePublished\":\"2024-11-18T18:33:32+00:00\",\"dateModified\":\"2025-03-11T16:27:11+00:00\",\"description\":\"Steps towards efficient, effective, and real digitalization. Complete this form and we will design a plan aligned with your business objectives.\",\"breadcrumb\":{\"@id\":\"https:\\\/\\\/sixphere.com\\\/en\\\/your-digital-self-assessment-help-us-design-your-digitalization-plan\\\/#breadcrumb\"},\"inLanguage\":\"en-US\",\"potentialAction\":[{\"@type\":\"ReadAction\",\"target\":[\"https:\\\/\\\/sixphere.com\\\/en\\\/your-digital-self-assessment-help-us-design-your-digitalization-plan\\\/\"]}]},{\"@type\":\"ImageObject\",\"inLanguage\":\"en-US\",\"@id\":\"https:\\\/\\\/sixphere.com\\\/en\\\/your-digital-self-assessment-help-us-design-your-digitalization-plan\\\/#primaryimage\",\"url\":\"https:\\\/\\\/sixphere.com\\\/wp-content\\\/uploads\\\/2024\\\/02\\\/sixphere-servicios-main.png\",\"contentUrl\":\"https:\\\/\\\/sixphere.com\\\/wp-content\\\/uploads\\\/2024\\\/02\\\/sixphere-servicios-main.png\",\"width\":1280,\"height\":720,\"caption\":\"Sixphere Technologies, tu partner digital\"},{\"@type\":\"BreadcrumbList\",\"@id\":\"https:\\\/\\\/sixphere.com\\\/en\\\/your-digital-self-assessment-help-us-design-your-digitalization-plan\\\/#breadcrumb\",\"itemListElement\":[{\"@type\":\"ListItem\",\"position\":1,\"name\":\"Portada\",\"item\":\"https:\\\/\\\/sixphere.com\\\/en\\\/\"},{\"@type\":\"ListItem\",\"position\":2,\"name\":\"Your digital self-assessment. Help us design your digitalization plan.\"}]},{\"@type\":\"WebSite\",\"@id\":\"https:\\\/\\\/sixphere.com\\\/en\\\/#website\",\"url\":\"https:\\\/\\\/sixphere.com\\\/en\\\/\",\"name\":\"Sixphere Technologies\",\"description\":\"Construimos tecnolog\u00eda de innovaci\u00f3n que conecta tu empresa de forma eficiente, \u00fatil y escalable con IA, datos, software e integraci\u00f3n.\",\"publisher\":{\"@id\":\"https:\\\/\\\/sixphere.com\\\/en\\\/#organization\"},\"potentialAction\":[{\"@type\":\"SearchAction\",\"target\":{\"@type\":\"EntryPoint\",\"urlTemplate\":\"https:\\\/\\\/sixphere.com\\\/en\\\/?s={search_term_string}\"},\"query-input\":{\"@type\":\"PropertyValueSpecification\",\"valueRequired\":true,\"valueName\":\"search_term_string\"}}],\"inLanguage\":\"en-US\"},{\"@type\":\"Organization\",\"@id\":\"https:\\\/\\\/sixphere.com\\\/en\\\/#organization\",\"name\":\"Sixphere Technologies\",\"url\":\"https:\\\/\\\/sixphere.com\\\/en\\\/\",\"logo\":{\"@type\":\"ImageObject\",\"inLanguage\":\"en-US\",\"@id\":\"https:\\\/\\\/sixphere.com\\\/en\\\/#\\\/schema\\\/logo\\\/image\\\/\",\"url\":\"https:\\\/\\\/sixphere.com\\\/wp-content\\\/uploads\\\/2023\\\/12\\\/sixphere-isopo-main.jpg\",\"contentUrl\":\"https:\\\/\\\/sixphere.com\\\/wp-content\\\/uploads\\\/2023\\\/12\\\/sixphere-isopo-main.jpg\",\"width\":750,\"height\":600,\"caption\":\"Sixphere Technologies\"},\"image\":{\"@id\":\"https:\\\/\\\/sixphere.com\\\/en\\\/#\\\/schema\\\/logo\\\/image\\\/\"},\"sameAs\":[\"https:\\\/\\\/www.facebook.com\\\/6phere\\\/\",\"https:\\\/\\\/x.com\\\/6phere\",\"https:\\\/\\\/es.linkedin.com\\\/company\\\/sixphere\"]}]}<\/script>\n<!-- \/ Yoast SEO plugin. -->","yoast_head_json":{"title":"Help us design your digitalization plan - Sixphere - Innovaci\u00f3n que conecta tu empresa","description":"Steps towards efficient, effective, and real digitalization. Complete this form and we will design a plan aligned with your business objectives.","robots":{"index":"index","follow":"follow","max-snippet":"max-snippet:-1","max-image-preview":"max-image-preview:large","max-video-preview":"max-video-preview:-1"},"canonical":"https:\/\/sixphere.com\/en\/your-digital-self-assessment-help-us-design-your-digitalization-plan\/","og_locale":"en_US","og_type":"article","og_title":"Help us design your digitalization plan - Sixphere - Innovaci\u00f3n que conecta tu empresa","og_description":"Steps towards efficient, effective, and real digitalization. Complete this form and we will design a plan aligned with your business objectives.","og_url":"https:\/\/sixphere.com\/en\/your-digital-self-assessment-help-us-design-your-digitalization-plan\/","og_site_name":"Sixphere - Innovaci\u00f3n que conecta tu empresa","article_publisher":"https:\/\/www.facebook.com\/6phere\/","article_modified_time":"2025-03-11T16:27:11+00:00","og_image":[{"width":1280,"height":720,"url":"https:\/\/sixphere.com\/wp-content\/uploads\/2024\/02\/sixphere-servicios-main.png","type":"image\/png"}],"twitter_card":"summary_large_image","twitter_site":"@6phere","twitter_misc":{"Est. reading time":"2 minutes"},"schema":{"@context":"https:\/\/schema.org","@graph":[{"@type":"WebPage","@id":"https:\/\/sixphere.com\/en\/your-digital-self-assessment-help-us-design-your-digitalization-plan\/","url":"https:\/\/sixphere.com\/en\/your-digital-self-assessment-help-us-design-your-digitalization-plan\/","name":"Help us design your digitalization plan - Sixphere - Innovaci\u00f3n que conecta tu empresa","isPartOf":{"@id":"https:\/\/sixphere.com\/en\/#website"},"primaryImageOfPage":{"@id":"https:\/\/sixphere.com\/en\/your-digital-self-assessment-help-us-design-your-digitalization-plan\/#primaryimage"},"image":{"@id":"https:\/\/sixphere.com\/en\/your-digital-self-assessment-help-us-design-your-digitalization-plan\/#primaryimage"},"thumbnailUrl":"https:\/\/sixphere.com\/wp-content\/uploads\/2024\/02\/sixphere-servicios-main.png","datePublished":"2024-11-18T18:33:32+00:00","dateModified":"2025-03-11T16:27:11+00:00","description":"Steps towards efficient, effective, and real digitalization. Complete this form and we will design a plan aligned with your business objectives.","breadcrumb":{"@id":"https:\/\/sixphere.com\/en\/your-digital-self-assessment-help-us-design-your-digitalization-plan\/#breadcrumb"},"inLanguage":"en-US","potentialAction":[{"@type":"ReadAction","target":["https:\/\/sixphere.com\/en\/your-digital-self-assessment-help-us-design-your-digitalization-plan\/"]}]},{"@type":"ImageObject","inLanguage":"en-US","@id":"https:\/\/sixphere.com\/en\/your-digital-self-assessment-help-us-design-your-digitalization-plan\/#primaryimage","url":"https:\/\/sixphere.com\/wp-content\/uploads\/2024\/02\/sixphere-servicios-main.png","contentUrl":"https:\/\/sixphere.com\/wp-content\/uploads\/2024\/02\/sixphere-servicios-main.png","width":1280,"height":720,"caption":"Sixphere Technologies, tu partner digital"},{"@type":"BreadcrumbList","@id":"https:\/\/sixphere.com\/en\/your-digital-self-assessment-help-us-design-your-digitalization-plan\/#breadcrumb","itemListElement":[{"@type":"ListItem","position":1,"name":"Portada","item":"https:\/\/sixphere.com\/en\/"},{"@type":"ListItem","position":2,"name":"Your digital self-assessment. Help us design your digitalization plan."}]},{"@type":"WebSite","@id":"https:\/\/sixphere.com\/en\/#website","url":"https:\/\/sixphere.com\/en\/","name":"Sixphere Technologies","description":"Construimos tecnolog\u00eda de innovaci\u00f3n que conecta tu empresa de forma eficiente, \u00fatil y escalable con IA, datos, software e integraci\u00f3n.","publisher":{"@id":"https:\/\/sixphere.com\/en\/#organization"},"potentialAction":[{"@type":"SearchAction","target":{"@type":"EntryPoint","urlTemplate":"https:\/\/sixphere.com\/en\/?s={search_term_string}"},"query-input":{"@type":"PropertyValueSpecification","valueRequired":true,"valueName":"search_term_string"}}],"inLanguage":"en-US"},{"@type":"Organization","@id":"https:\/\/sixphere.com\/en\/#organization","name":"Sixphere Technologies","url":"https:\/\/sixphere.com\/en\/","logo":{"@type":"ImageObject","inLanguage":"en-US","@id":"https:\/\/sixphere.com\/en\/#\/schema\/logo\/image\/","url":"https:\/\/sixphere.com\/wp-content\/uploads\/2023\/12\/sixphere-isopo-main.jpg","contentUrl":"https:\/\/sixphere.com\/wp-content\/uploads\/2023\/12\/sixphere-isopo-main.jpg","width":750,"height":600,"caption":"Sixphere Technologies"},"image":{"@id":"https:\/\/sixphere.com\/en\/#\/schema\/logo\/image\/"},"sameAs":["https:\/\/www.facebook.com\/6phere\/","https:\/\/x.com\/6phere","https:\/\/es.linkedin.com\/company\/sixphere"]}]}},"_links":{"self":[{"href":"https:\/\/sixphere.com\/en\/wp-json\/wp\/v2\/pages\/24554","targetHints":{"allow":["GET"]}}],"collection":[{"href":"https:\/\/sixphere.com\/en\/wp-json\/wp\/v2\/pages"}],"about":[{"href":"https:\/\/sixphere.com\/en\/wp-json\/wp\/v2\/types\/page"}],"author":[{"embeddable":true,"href":"https:\/\/sixphere.com\/en\/wp-json\/wp\/v2\/users\/1"}],"replies":[{"embeddable":true,"href":"https:\/\/sixphere.com\/en\/wp-json\/wp\/v2\/comments?post=24554"}],"version-history":[{"count":0,"href":"https:\/\/sixphere.com\/en\/wp-json\/wp\/v2\/pages\/24554\/revisions"}],"wp:featuredmedia":[{"embeddable":true,"href":"https:\/\/sixphere.com\/en\/wp-json\/wp\/v2\/media\/24239"}],"wp:attachment":[{"href":"https:\/\/sixphere.com\/en\/wp-json\/wp\/v2\/media?parent=24554"}],"curies":[{"name":"wp","href":"https:\/\/api.w.org\/{rel}","templated":true}]}}