{"id":24552,"date":"2023-11-22T10:37:46","date_gmt":"2023-11-22T09:37:46","guid":{"rendered":"https:\/\/sixphere.com\/our-success-stories\/"},"modified":"2025-08-05T16:17:36","modified_gmt":"2025-08-05T14:17:36","slug":"our-success-stories","status":"publish","type":"page","link":"https:\/\/sixphere.com\/en\/our-success-stories\/","title":{"rendered":"Our success stories"},"content":{"rendered":"<p>[et_pb_section fb_built=&#8221;1&#8243; disabled_on=&#8221;on|off|off&#8221; _builder_version=&#8221;4.23.1&#8243; _module_preset=&#8221;default&#8221; custom_margin=&#8221;50px||100px||false|false&#8221; custom_padding=&#8221;0px||0px||true|false&#8221; global_colors_info=&#8221;{}&#8221;][et_pb_row admin_label=&#8221;Title&#8221; _builder_version=&#8221;4.23.1&#8243; _module_preset=&#8221;default&#8221; max_width=&#8221;850px&#8221; custom_margin=&#8221;||50px||false|false&#8221; custom_padding=&#8221;0px|0px|0px|0px|false|false&#8221; global_colors_info=&#8221;{}&#8221;][et_pb_column type=&#8221;4_4&#8243; _builder_version=&#8221;4.22.2&#8243; _module_preset=&#8221;default&#8221; global_colors_info=&#8221;{}&#8221;][et_pb_text _builder_version=&#8221;4.23.1&#8243; _dynamic_attributes=&#8221;content&#8221; _module_preset=&#8221;default&#8221; text_font=&#8221;|800||on|||||&#8221; text_text_color=&#8221;#101820&#8243; text_font_size=&#8221;18px&#8221; global_colors_info=&#8221;{}&#8221;]@ET-DC@eyJkeW5hbWljIjp0cnVlLCJjb250ZW50IjoicG9zdF90aXRsZSIsInNldHRpbmdzIjp7ImJlZm9yZSI6IiIsImFmdGVyIjoiIiwiZW5hYmxlX2h0bWwiOiJvZmYifX0=@[\/et_pb_text][\/et_pb_column][\/et_pb_row][et_pb_row admin_label=&#8221;Projects&#8221; _builder_version=&#8221;4.23.1&#8243; _module_preset=&#8221;default&#8221; max_width=&#8221;850px&#8221; custom_padding=&#8221;0px|0px|0px|0px|false|true&#8221; global_colors_info=&#8221;{}&#8221;][et_pb_column type=&#8221;4_4&#8243; _builder_version=&#8221;4.22.2&#8243; _module_preset=&#8221;default&#8221; global_colors_info=&#8221;{}&#8221;][et_pb_portfolio fullwidth=&#8221;off&#8221; posts_number=&#8221;100&#8243; show_pagination=&#8221;off&#8221; zoom_icon_color=&#8221;RGBA(255,255,255,0)&#8221; hover_overlay_color=&#8221;RGBA(255,255,255,0)&#8221; module_class=&#8221;lwp-col-portfolio lwp-col-portfolio-50&#8243; _builder_version=&#8221;4.27.4&#8243; _module_preset=&#8221;default&#8221; title_font=&#8221;Source Sans Pro|600|||||||&#8221; title_font_size=&#8221;20px&#8221; title_line_height=&#8221;1.2em&#8221; caption_font=&#8221;|||on|||||&#8221; caption_text_color=&#8221;#101820&#8243; caption_font_size=&#8221;16px&#8221; vertical_offset=&#8221;61px&#8221; horizontal_offset=&#8221;82px&#8221; z_index=&#8221;-236&#8243; width=&#8221;100%&#8221; max_width=&#8221;100%&#8221; custom_margin=&#8221;|1px||1px|false|true&#8221; hover_enabled=&#8221;0&#8243; global_colors_info=&#8221;{}&#8221; sticky_enabled=&#8221;0&#8243;][\/et_pb_portfolio][et_pb_code raw_content_tablet=&#8221;&#8221; raw_content_phone=&#8221;&#8221; raw_content_last_edited=&#8221;on|phone&#8221; _builder_version=&#8221;4.23.1&#8243; _module_preset=&#8221;default&#8221; global_colors_info=&#8221;{}&#8221;]<script><!-- [et_pb_line_break_holder] --><!-- [et_pb_line_break_holder] -->  jQuery(document).ready(function() { <!-- [et_pb_line_break_holder] -->\t\tvar colours = [\"project-type-1\", \"project-type-2\", \"project-type-3\", \"project-type-4\", \"project-type-5\"] <!-- [et_pb_line_break_holder] -->\t\tvar posts = document.getElementsByClassName(\"project\")<!-- [et_pb_line_break_holder] -->\t\tvar i = 0 <!-- [et_pb_line_break_holder] -->\t\tfor (let item of posts) { <!-- [et_pb_line_break_holder] -->\t\t\titem.classList.add(colours[i]); <!-- [et_pb_line_break_holder] -->\t\t\tif(i == colours.length - 1) <!-- [et_pb_line_break_holder] -->\t\t\t\ti = 0 <!-- [et_pb_line_break_holder] -->      else <!-- [et_pb_line_break_holder] -->\t\t\t\ti++ <!-- [et_pb_line_break_holder] -->\t\t}<!-- [et_pb_line_break_holder] -->\t});<!-- [et_pb_line_break_holder] --><!-- [et_pb_line_break_holder] --><\/script>[\/et_pb_code][\/et_pb_column][\/et_pb_row][\/et_pb_section][et_pb_section fb_built=&#8221;1&#8243; disabled_on=&#8221;off|on|on&#8221; module_class=&#8221;project-section&#8221; _builder_version=&#8221;4.23.1&#8243; _module_preset=&#8221;default&#8221; global_colors_info=&#8221;{}&#8221;][et_pb_row _builder_version=&#8221;4.23.1&#8243; _module_preset=&#8221;default&#8221; width=&#8221;90%&#8221; max_width=&#8221;90%&#8221; global_colors_info=&#8221;{}&#8221;][et_pb_column type=&#8221;4_4&#8243; _builder_version=&#8221;4.23.1&#8243; _module_preset=&#8221;default&#8221; global_colors_info=&#8221;{}&#8221;][et_pb_text _builder_version=&#8221;4.23.1&#8243; _module_preset=&#8221;default&#8221; text_font=&#8221;|700|||||||&#8221; text_text_color=&#8221;#000000&#8243; text_font_size=&#8221;16px&#8221; custom_margin=&#8221;0px|0px|0px|0px|true|true&#8221; custom_padding=&#8221;0px|0px|0px|0px|true|true&#8221; global_colors_info=&#8221;{}&#8221;]<\/p>\n<p>SUCCESS STORIES<\/p>\n<p>[\/et_pb_text][\/et_pb_column][\/et_pb_row][et_pb_row _builder_version=&#8221;4.23.1&#8243; _module_preset=&#8221;default&#8221; width=&#8221;90%&#8221; max_width=&#8221;90%&#8221; global_colors_info=&#8221;{}&#8221;][et_pb_column type=&#8221;4_4&#8243; _builder_version=&#8221;4.23.1&#8243; _module_preset=&#8221;default&#8221; global_colors_info=&#8221;{}&#8221;][et_pb_portfolio posts_number=&#8221;5&#8243; module_class=&#8221;lwp-col-portfolio-responsive&#8221; _builder_version=&#8221;4.23.1&#8243; _module_preset=&#8221;default&#8221; title_font=&#8221;Source Sans Pro|600|||||||&#8221; title_font_size=&#8221;26px&#8221; title_line_height=&#8221;1.2em&#8221; caption_font=&#8221;|||on|||||&#8221; caption_text_color=&#8221;#101820&#8243; caption_font_size=&#8221;16px&#8221; pagination_text_align=&#8221;center&#8221; vertical_offset=&#8221;61px&#8221; horizontal_offset=&#8221;82px&#8221; z_index=&#8221;-236&#8243; width=&#8221;100%&#8221; max_width=&#8221;100%&#8221; custom_margin=&#8221;|1px||1px|false|true&#8221; locked=&#8221;off&#8221; global_colors_info=&#8221;{}&#8221;][\/et_pb_portfolio][\/et_pb_column][\/et_pb_row][\/et_pb_section]<\/p>\n","protected":false},"excerpt":{"rendered":"<p>Discover our success stories in digitalization and software development. Industry 4.0, custom development, data science, and innovation. <\/p>\n","protected":false},"author":1,"featured_media":24239,"parent":0,"menu_order":0,"comment_status":"closed","ping_status":"closed","template":"","meta":{"_acf_changed":false,"_et_pb_use_builder":"on","_et_pb_old_content":"","_et_gb_content_width":"","content-type":"","footnotes":""},"class_list":["post-24552","page","type-page","status-publish","has-post-thumbnail","hentry"],"acf":[],"yoast_head":"<!-- This site is optimized with the Yoast SEO plugin v27.3 - https:\/\/yoast.com\/product\/yoast-seo-wordpress\/ -->\n<title>Our success stories - Innovaci\u00f3n que conecta tu empresa - Sixphere Technologies<\/title>\n<meta name=\"description\" content=\"Discover our success stories in digitalization and software. Industry 4.0, custom development, data science, and innovation.\" \/>\n<meta name=\"robots\" content=\"index, follow, max-snippet:-1, max-image-preview:large, max-video-preview:-1\" \/>\n<link rel=\"canonical\" href=\"https:\/\/sixphere.com\/en\/our-success-stories\/\" \/>\n<meta property=\"og:locale\" content=\"en_US\" \/>\n<meta property=\"og:type\" content=\"article\" \/>\n<meta property=\"og:title\" content=\"Our success stories - Innovaci\u00f3n que conecta tu empresa - Sixphere Technologies\" \/>\n<meta property=\"og:description\" content=\"Discover our success stories in digitalization and software. Industry 4.0, custom development, data science, and innovation.\" \/>\n<meta property=\"og:url\" content=\"https:\/\/sixphere.com\/en\/our-success-stories\/\" \/>\n<meta property=\"og:site_name\" content=\"Innovaci\u00f3n que conecta tu empresa - Sixphere Technologies\" \/>\n<meta property=\"article:publisher\" content=\"https:\/\/www.facebook.com\/6phere\/\" \/>\n<meta property=\"article:modified_time\" content=\"2025-08-05T14:17:36+00:00\" \/>\n<meta property=\"og:image\" content=\"https:\/\/sixphere.com\/wp-content\/uploads\/2024\/02\/sixphere-servicios-main.png\" \/>\n\t<meta property=\"og:image:width\" content=\"1280\" \/>\n\t<meta property=\"og:image:height\" content=\"720\" \/>\n\t<meta property=\"og:image:type\" content=\"image\/png\" \/>\n<meta name=\"twitter:card\" content=\"summary_large_image\" \/>\n<meta name=\"twitter:site\" content=\"@6phere\" \/>\n<meta name=\"twitter:label1\" content=\"Est. reading time\" \/>\n\t<meta name=\"twitter:data1\" content=\"2 minutes\" \/>\n<script type=\"application\/ld+json\" class=\"yoast-schema-graph\">{\"@context\":\"https:\\\/\\\/schema.org\",\"@graph\":[{\"@type\":\"WebPage\",\"@id\":\"https:\\\/\\\/sixphere.com\\\/en\\\/our-success-stories\\\/\",\"url\":\"https:\\\/\\\/sixphere.com\\\/en\\\/our-success-stories\\\/\",\"name\":\"Our success stories - Innovaci\u00f3n que conecta tu empresa - Sixphere Technologies\",\"isPartOf\":{\"@id\":\"https:\\\/\\\/sixphere.com\\\/en\\\/#website\"},\"primaryImageOfPage\":{\"@id\":\"https:\\\/\\\/sixphere.com\\\/en\\\/our-success-stories\\\/#primaryimage\"},\"image\":{\"@id\":\"https:\\\/\\\/sixphere.com\\\/en\\\/our-success-stories\\\/#primaryimage\"},\"thumbnailUrl\":\"https:\\\/\\\/sixphere.com\\\/wp-content\\\/uploads\\\/2024\\\/02\\\/sixphere-servicios-main.png\",\"datePublished\":\"2023-11-22T09:37:46+00:00\",\"dateModified\":\"2025-08-05T14:17:36+00:00\",\"description\":\"Discover our success stories in digitalization and software. Industry 4.0, custom development, data science, and innovation.\",\"breadcrumb\":{\"@id\":\"https:\\\/\\\/sixphere.com\\\/en\\\/our-success-stories\\\/#breadcrumb\"},\"inLanguage\":\"en-US\",\"potentialAction\":[{\"@type\":\"ReadAction\",\"target\":[\"https:\\\/\\\/sixphere.com\\\/en\\\/our-success-stories\\\/\"]}]},{\"@type\":\"ImageObject\",\"inLanguage\":\"en-US\",\"@id\":\"https:\\\/\\\/sixphere.com\\\/en\\\/our-success-stories\\\/#primaryimage\",\"url\":\"https:\\\/\\\/sixphere.com\\\/wp-content\\\/uploads\\\/2024\\\/02\\\/sixphere-servicios-main.png\",\"contentUrl\":\"https:\\\/\\\/sixphere.com\\\/wp-content\\\/uploads\\\/2024\\\/02\\\/sixphere-servicios-main.png\",\"width\":1280,\"height\":720,\"caption\":\"Sixphere Technologies, tu partner digital\"},{\"@type\":\"BreadcrumbList\",\"@id\":\"https:\\\/\\\/sixphere.com\\\/en\\\/our-success-stories\\\/#breadcrumb\",\"itemListElement\":[{\"@type\":\"ListItem\",\"position\":1,\"name\":\"Portada\",\"item\":\"https:\\\/\\\/sixphere.com\\\/en\\\/\"},{\"@type\":\"ListItem\",\"position\":2,\"name\":\"Our success stories\"}]},{\"@type\":\"WebSite\",\"@id\":\"https:\\\/\\\/sixphere.com\\\/en\\\/#website\",\"url\":\"https:\\\/\\\/sixphere.com\\\/en\\\/\",\"name\":\"Sixphere Technologies\",\"description\":\"Construimos tecnolog\u00eda de innovaci\u00f3n que conecta tu empresa de forma eficiente, \u00fatil y escalable con IA, datos, software e integraci\u00f3n.\",\"publisher\":{\"@id\":\"https:\\\/\\\/sixphere.com\\\/en\\\/#organization\"},\"potentialAction\":[{\"@type\":\"SearchAction\",\"target\":{\"@type\":\"EntryPoint\",\"urlTemplate\":\"https:\\\/\\\/sixphere.com\\\/en\\\/?s={search_term_string}\"},\"query-input\":{\"@type\":\"PropertyValueSpecification\",\"valueRequired\":true,\"valueName\":\"search_term_string\"}}],\"inLanguage\":\"en-US\"},{\"@type\":\"Organization\",\"@id\":\"https:\\\/\\\/sixphere.com\\\/en\\\/#organization\",\"name\":\"Sixphere Technologies\",\"url\":\"https:\\\/\\\/sixphere.com\\\/en\\\/\",\"logo\":{\"@type\":\"ImageObject\",\"inLanguage\":\"en-US\",\"@id\":\"https:\\\/\\\/sixphere.com\\\/en\\\/#\\\/schema\\\/logo\\\/image\\\/\",\"url\":\"https:\\\/\\\/sixphere.com\\\/wp-content\\\/uploads\\\/2023\\\/12\\\/sixphere-isopo-main.jpg\",\"contentUrl\":\"https:\\\/\\\/sixphere.com\\\/wp-content\\\/uploads\\\/2023\\\/12\\\/sixphere-isopo-main.jpg\",\"width\":750,\"height\":600,\"caption\":\"Sixphere Technologies\"},\"image\":{\"@id\":\"https:\\\/\\\/sixphere.com\\\/en\\\/#\\\/schema\\\/logo\\\/image\\\/\"},\"sameAs\":[\"https:\\\/\\\/www.facebook.com\\\/6phere\\\/\",\"https:\\\/\\\/x.com\\\/6phere\",\"https:\\\/\\\/es.linkedin.com\\\/company\\\/sixphere\"]}]}<\/script>\n<!-- \/ Yoast SEO plugin. -->","yoast_head_json":{"title":"Our success stories - Innovaci\u00f3n que conecta tu empresa - Sixphere Technologies","description":"Discover our success stories in digitalization and software. Industry 4.0, custom development, data science, and innovation.","robots":{"index":"index","follow":"follow","max-snippet":"max-snippet:-1","max-image-preview":"max-image-preview:large","max-video-preview":"max-video-preview:-1"},"canonical":"https:\/\/sixphere.com\/en\/our-success-stories\/","og_locale":"en_US","og_type":"article","og_title":"Our success stories - Innovaci\u00f3n que conecta tu empresa - Sixphere Technologies","og_description":"Discover our success stories in digitalization and software. Industry 4.0, custom development, data science, and innovation.","og_url":"https:\/\/sixphere.com\/en\/our-success-stories\/","og_site_name":"Innovaci\u00f3n que conecta tu empresa - Sixphere Technologies","article_publisher":"https:\/\/www.facebook.com\/6phere\/","article_modified_time":"2025-08-05T14:17:36+00:00","og_image":[{"width":1280,"height":720,"url":"https:\/\/sixphere.com\/wp-content\/uploads\/2024\/02\/sixphere-servicios-main.png","type":"image\/png"}],"twitter_card":"summary_large_image","twitter_site":"@6phere","twitter_misc":{"Est. reading time":"2 minutes"},"schema":{"@context":"https:\/\/schema.org","@graph":[{"@type":"WebPage","@id":"https:\/\/sixphere.com\/en\/our-success-stories\/","url":"https:\/\/sixphere.com\/en\/our-success-stories\/","name":"Our success stories - Innovaci\u00f3n que conecta tu empresa - Sixphere Technologies","isPartOf":{"@id":"https:\/\/sixphere.com\/en\/#website"},"primaryImageOfPage":{"@id":"https:\/\/sixphere.com\/en\/our-success-stories\/#primaryimage"},"image":{"@id":"https:\/\/sixphere.com\/en\/our-success-stories\/#primaryimage"},"thumbnailUrl":"https:\/\/sixphere.com\/wp-content\/uploads\/2024\/02\/sixphere-servicios-main.png","datePublished":"2023-11-22T09:37:46+00:00","dateModified":"2025-08-05T14:17:36+00:00","description":"Discover our success stories in digitalization and software. Industry 4.0, custom development, data science, and innovation.","breadcrumb":{"@id":"https:\/\/sixphere.com\/en\/our-success-stories\/#breadcrumb"},"inLanguage":"en-US","potentialAction":[{"@type":"ReadAction","target":["https:\/\/sixphere.com\/en\/our-success-stories\/"]}]},{"@type":"ImageObject","inLanguage":"en-US","@id":"https:\/\/sixphere.com\/en\/our-success-stories\/#primaryimage","url":"https:\/\/sixphere.com\/wp-content\/uploads\/2024\/02\/sixphere-servicios-main.png","contentUrl":"https:\/\/sixphere.com\/wp-content\/uploads\/2024\/02\/sixphere-servicios-main.png","width":1280,"height":720,"caption":"Sixphere Technologies, tu partner digital"},{"@type":"BreadcrumbList","@id":"https:\/\/sixphere.com\/en\/our-success-stories\/#breadcrumb","itemListElement":[{"@type":"ListItem","position":1,"name":"Portada","item":"https:\/\/sixphere.com\/en\/"},{"@type":"ListItem","position":2,"name":"Our success stories"}]},{"@type":"WebSite","@id":"https:\/\/sixphere.com\/en\/#website","url":"https:\/\/sixphere.com\/en\/","name":"Sixphere Technologies","description":"Construimos tecnolog\u00eda de innovaci\u00f3n que conecta tu empresa de forma eficiente, \u00fatil y escalable con IA, datos, software e integraci\u00f3n.","publisher":{"@id":"https:\/\/sixphere.com\/en\/#organization"},"potentialAction":[{"@type":"SearchAction","target":{"@type":"EntryPoint","urlTemplate":"https:\/\/sixphere.com\/en\/?s={search_term_string}"},"query-input":{"@type":"PropertyValueSpecification","valueRequired":true,"valueName":"search_term_string"}}],"inLanguage":"en-US"},{"@type":"Organization","@id":"https:\/\/sixphere.com\/en\/#organization","name":"Sixphere Technologies","url":"https:\/\/sixphere.com\/en\/","logo":{"@type":"ImageObject","inLanguage":"en-US","@id":"https:\/\/sixphere.com\/en\/#\/schema\/logo\/image\/","url":"https:\/\/sixphere.com\/wp-content\/uploads\/2023\/12\/sixphere-isopo-main.jpg","contentUrl":"https:\/\/sixphere.com\/wp-content\/uploads\/2023\/12\/sixphere-isopo-main.jpg","width":750,"height":600,"caption":"Sixphere Technologies"},"image":{"@id":"https:\/\/sixphere.com\/en\/#\/schema\/logo\/image\/"},"sameAs":["https:\/\/www.facebook.com\/6phere\/","https:\/\/x.com\/6phere","https:\/\/es.linkedin.com\/company\/sixphere"]}]}},"_links":{"self":[{"href":"https:\/\/sixphere.com\/en\/wp-json\/wp\/v2\/pages\/24552","targetHints":{"allow":["GET"]}}],"collection":[{"href":"https:\/\/sixphere.com\/en\/wp-json\/wp\/v2\/pages"}],"about":[{"href":"https:\/\/sixphere.com\/en\/wp-json\/wp\/v2\/types\/page"}],"author":[{"embeddable":true,"href":"https:\/\/sixphere.com\/en\/wp-json\/wp\/v2\/users\/1"}],"replies":[{"embeddable":true,"href":"https:\/\/sixphere.com\/en\/wp-json\/wp\/v2\/comments?post=24552"}],"version-history":[{"count":0,"href":"https:\/\/sixphere.com\/en\/wp-json\/wp\/v2\/pages\/24552\/revisions"}],"wp:featuredmedia":[{"embeddable":true,"href":"https:\/\/sixphere.com\/en\/wp-json\/wp\/v2\/media\/24239"}],"wp:attachment":[{"href":"https:\/\/sixphere.com\/en\/wp-json\/wp\/v2\/media?parent=24552"}],"curies":[{"name":"wp","href":"https:\/\/api.w.org\/{rel}","templated":true}]}}