{"id":24546,"date":"2023-11-06T12:16:52","date_gmt":"2023-11-06T11:16:52","guid":{"rendered":"https:\/\/sixphere.com\/success-case-details\/"},"modified":"2025-03-11T08:46:57","modified_gmt":"2025-03-11T07:46:57","slug":"success-case-details","status":"publish","type":"page","link":"https:\/\/sixphere.com\/en\/success-case-details\/","title":{"rendered":"Success case details"},"content":{"rendered":"<p>[et_pb_section fb_built=&#8221;1&#8243; disabled_on=&#8221;off|off|off&#8221; admin_label=&#8221;Sidebar&#8221; module_class=&#8221;et-push-sidebar&#8221; _builder_version=&#8221;4.23.1&#8243; _module_preset=&#8221;default&#8221; background_color=&#8221;#221633&#8243; positioning=&#8221;fixed&#8221; position_origin_f=&#8221;center_right&#8221; z_index=&#8221;100&#8243; width=&#8221;350px&#8221; width_tablet=&#8221;350px&#8221; width_phone=&#8221;100%&#8221; width_last_edited=&#8221;on|phone&#8221; height=&#8221;100%&#8221; custom_padding=&#8221;100px||100px||true|false&#8221; hover_enabled=&#8221;0&#8243; global_colors_info=&#8221;{}&#8221; custom_padding_last_edited=&#8221;on|phone&#8221; position_origin_f_last_edited=&#8221;on|phone&#8221; positioning_last_edited=&#8221;on|phone&#8221; position_origin_a_last_edited=&#8221;on|phone&#8221; position_origin_r_last_edited=&#8221;on|phone&#8221; position_origin_f_phone=&#8221;bottom_center&#8221; sticky_enabled=&#8221;0&#8243; custom_padding_tablet=&#8221;100px||100px||true|false&#8221; custom_padding_phone=&#8221;100px||100px||true|false&#8221; position_origin_f_tablet=&#8221;center_right&#8221; positioning_tablet=&#8221;fixed&#8221; positioning_phone=&#8221;fixed&#8221;][et_pb_row use_custom_gutter=&#8221;on&#8221; gutter_width=&#8221;1&#8243; admin_label=&#8221;Fila&#8221; _builder_version=&#8221;4.22.2&#8243; _module_preset=&#8221;default&#8221; positioning=&#8221;absolute&#8221; position_origin_a=&#8221;center_left&#8221; z_index=&#8221;1&#8243; width=&#8221;100%&#8221; custom_padding=&#8221;0px||0px||true|false&#8221; global_colors_info=&#8221;{}&#8221;][et_pb_column type=&#8221;4_4&#8243; admin_label=&#8221;Columna&#8221; _builder_version=&#8221;4.22.2&#8243; _module_preset=&#8221;default&#8221; global_colors_info=&#8221;{}&#8221;][et_pb_blurb use_icon=&#8221;on&#8221; font_icon=&#8221;&#x4d;||divi||400&#8243; icon_color=&#8221;#FFFFFF&#8221; image_icon_background_color=&#8221;#FF0E57&#8243; icon_placement=&#8221;left&#8221; image_icon_width=&#8221;40px&#8221; disabled_on=&#8221;off|on|on&#8221; admin_label=&#8221;Bot\u00f3n Cerrar&#8221; module_class=&#8221;et-slide-push-close&#8221; _builder_version=&#8221;4.23.1&#8243; _module_preset=&#8221;default&#8221; transform_scale_linked=&#8221;off&#8221; positioning=&#8221;fixed&#8221; position_origin_f=&#8221;center_left&#8221; width=&#8221;50px&#8221; hover_enabled=&#8221;0&#8243; border_radii_image=&#8221;off|50px|50px|50px|50px&#8221; border_color_all_image=&#8221;RGBA(255,255,255,0)&#8221; global_colors_info=&#8221;{}&#8221; sticky_enabled=&#8221;0&#8243; transform_styles_last_edited=&#8221;on|phone&#8221; transform_scale_last_edited=&#8221;on|phone&#8221; transform_translate_last_edited=&#8221;on|phone&#8221; transform_rotate_last_edited=&#8221;on|phone&#8221; transform_skew_last_edited=&#8221;on|phone&#8221; transform_origin_last_edited=&#8221;on|phone&#8221; transform_rotate_phone=&#8221;0deg|0deg|90deg&#8221;][\/et_pb_blurb][et_pb_blurb title=&#8221;Read more&#8221; use_icon=&#8221;on&#8221; font_icon=&#8221;&#x23;||divi||400&#8243; icon_color=&#8221;#FFFFFF&#8221; icon_placement=&#8221;left&#8221; image_icon_width=&#8221;25px&#8221; admin_label=&#8221;Bot\u00f3n Leer M\u00e1s&#8221; module_class=&#8221;et-slide-push-toggle&#8221; _builder_version=&#8221;4.23.1&#8243; _module_preset=&#8221;default&#8221; header_font=&#8221;Abel|700|||||||&#8221; header_text_color=&#8221;#101820&#8243; header_letter_spacing=&#8221;1px&#8221; header_line_height=&#8221;1.2em&#8221; background_color=&#8221;#FF0E57&#8243; positioning=&#8221;absolute&#8221; position_origin_a=&#8221;center_left&#8221; width=&#8221;50%&#8221; custom_padding=&#8221;0.6em|1em||1em|false|true&#8221; hover_enabled=&#8221;0&#8243; border_radii=&#8221;off|50px|||50px&#8221; global_colors_info=&#8221;{}&#8221; sticky_enabled=&#8221;0&#8243; transform_styles_last_edited=&#8221;on|phone&#8221; transform_scale_last_edited=&#8221;on|desktop&#8221; transform_translate_last_edited=&#8221;on|phone&#8221; transform_rotate_last_edited=&#8221;on|phone&#8221; transform_skew_last_edited=&#8221;on|phone&#8221; transform_origin_last_edited=&#8221;on|phone&#8221; transform_rotate_phone=&#8221;0deg|0deg|90deg&#8221;][\/et_pb_blurb][et_pb_code _builder_version=&#8221;4.23.1&#8243; _module_preset=&#8221;default&#8221; global_colors_info=&#8221;{}&#8221;][\/et_pb_code][\/et_pb_column][\/et_pb_row][\/et_pb_section][et_pb_section fb_built=&#8221;1&#8243; _builder_version=&#8221;4.22.2&#8243; _module_preset=&#8221;default&#8221; global_colors_info=&#8221;{}&#8221;][et_pb_row admin_label=&#8221;Fila&#8221; _builder_version=&#8221;4.22.2&#8243; _module_preset=&#8221;default&#8221; global_colors_info=&#8221;{}&#8221;][et_pb_column type=&#8221;4_4&#8243; _builder_version=&#8221;4.22.2&#8243; _module_preset=&#8221;default&#8221; global_colors_info=&#8221;{}&#8221;][et_pb_heading title=&#8221;Success stories \/ Alestis Aerospace&#8221; _builder_version=&#8221;4.23.1&#8243; _module_preset=&#8221;default&#8221; title_level=&#8221;h3&#8243; title_font=&#8221;Abel||||||||&#8221; position_origin_a_tablet=&#8221;&#8221; position_origin_a_phone=&#8221;&#8221; position_origin_a_last_edited=&#8221;on|phone&#8221; position_origin_f_tablet=&#8221;&#8221; position_origin_f_phone=&#8221;&#8221; position_origin_f_last_edited=&#8221;on|phone&#8221; position_origin_r_tablet=&#8221;&#8221; position_origin_r_phone=&#8221;&#8221; position_origin_r_last_edited=&#8221;on|phone&#8221; title_text_align_tablet=&#8221;&#8221; title_text_align_phone=&#8221;center&#8221; title_text_align_last_edited=&#8221;on|phone&#8221; title_font_size_tablet=&#8221;&#8221; title_font_size_phone=&#8221;16px&#8221; title_font_size_last_edited=&#8221;on|phone&#8221; positioning_tablet=&#8221;&#8221; positioning_phone=&#8221;none&#8221; positioning_last_edited=&#8221;on|phone&#8221; global_colors_info=&#8221;{}&#8221;][\/et_pb_heading][\/et_pb_column][\/et_pb_row][et_pb_row _builder_version=&#8221;4.22.2&#8243; _module_preset=&#8221;default&#8221; global_colors_info=&#8221;{}&#8221;][et_pb_column type=&#8221;4_4&#8243; _builder_version=&#8221;4.22.2&#8243; _module_preset=&#8221;default&#8221; global_colors_info=&#8221;{}&#8221;][et_pb_heading title=&#8221;Optimized industrial planning&#8221; _builder_version=&#8221;4.23.1&#8243; _module_preset=&#8221;default&#8221; title_font=&#8221;Abel||||||||&#8221; title_font_size=&#8221;83px&#8221; position_origin_a_tablet=&#8221;&#8221; position_origin_a_phone=&#8221;&#8221; position_origin_a_last_edited=&#8221;on|phone&#8221; position_origin_f_tablet=&#8221;&#8221; position_origin_f_phone=&#8221;&#8221; position_origin_f_last_edited=&#8221;on|phone&#8221; position_origin_r_tablet=&#8221;&#8221; position_origin_r_phone=&#8221;&#8221; position_origin_r_last_edited=&#8221;on|phone&#8221; custom_margin=&#8221;||||false|false&#8221; custom_margin_last_edited=&#8221;off|phone&#8221; title_font_size_tablet=&#8221;83px&#8221; title_font_size_phone=&#8221;35px&#8221; title_font_size_last_edited=&#8221;on|phone&#8221; positioning_tablet=&#8221;&#8221; positioning_phone=&#8221;none&#8221; positioning_last_edited=&#8221;on|phone&#8221; global_colors_info=&#8221;{}&#8221;][\/et_pb_heading][\/et_pb_column][\/et_pb_row][et_pb_row _builder_version=&#8221;4.22.2&#8243; _module_preset=&#8221;default&#8221; global_colors_info=&#8221;{}&#8221;][et_pb_column type=&#8221;4_4&#8243; _builder_version=&#8221;4.22.2&#8243; _module_preset=&#8221;default&#8221; global_colors_info=&#8221;{}&#8221;][et_pb_text _builder_version=&#8221;4.23.1&#8243; _module_preset=&#8221;default&#8221; text_font=&#8221;Abel||||||||&#8221; text_font_size=&#8221;20px&#8221; custom_margin=&#8221;0px||||false|false&#8221; custom_margin_last_edited=&#8221;off|phone&#8221; custom_padding=&#8221;||||false|false&#8221; text_font_size_tablet=&#8221;20px&#8221; text_font_size_phone=&#8221;15px&#8221; text_font_size_last_edited=&#8221;on|phone&#8221; global_colors_info=&#8221;{}&#8221;]<\/p>\n<p style=\"text-align: left;\"><span role=\"presentation\" dir=\"ltr\">Alestis Aerospace is a leading company in engineering and manufacturing technologies, specializing in the assembly of<\/span><br role=\"presentation\"><span role=\"presentation\" dir=\"ltr\">aerostructures, and one of the three TIER 1 companies operating in Spain, with an international presence and significant<\/span><br role=\"presentation\"><span role=\"presentation\" dir=\"ltr\">innovative projects. It participates in the most relevant programs of the largest manufacturers in the industry <\/span><br role=\"presentation\"><span role=\"presentation\" dir=\"ltr\">such as Airbus, Boeing, or Embraer, and has five production plants in Spain and one in Brazil.<\/span><\/p>\n<p>[\/et_pb_text][\/et_pb_column][\/et_pb_row][\/et_pb_section]<\/p>\n","protected":false},"excerpt":{"rendered":"<p>Alestis Aerospace is a leading company in engineering and manufacturing technologies, specializing in the assembly ofaerostructures, and one of the three TIER 1 companies operating in Spain, with an international presence and significantinnovative projects. It participates in the most relevant programs of the largest manufacturers in the industry such as Airbus, Boeing, or Embraer, and [&hellip;]<\/p>\n","protected":false},"author":1,"featured_media":0,"parent":0,"menu_order":0,"comment_status":"closed","ping_status":"closed","template":"","meta":{"_acf_changed":false,"_et_pb_use_builder":"on","_et_pb_old_content":"","_et_gb_content_width":"","content-type":"","footnotes":""},"class_list":["post-24546","page","type-page","status-publish","hentry"],"acf":[],"yoast_head":"<!-- This site is optimized with the Yoast SEO plugin v27.3 - https:\/\/yoast.com\/product\/yoast-seo-wordpress\/ -->\n<title>Success case details - Innovaci\u00f3n que conecta tu empresa - Sixphere Technologies<\/title>\n<meta name=\"robots\" content=\"index, follow, max-snippet:-1, max-image-preview:large, max-video-preview:-1\" \/>\n<link rel=\"canonical\" href=\"https:\/\/sixphere.com\/en\/success-case-details\/\" \/>\n<meta property=\"og:locale\" content=\"en_US\" \/>\n<meta property=\"og:type\" content=\"article\" \/>\n<meta property=\"og:title\" content=\"Success case details - Innovaci\u00f3n que conecta tu empresa - Sixphere Technologies\" \/>\n<meta property=\"og:description\" content=\"Alestis Aerospace is a leading company in engineering and manufacturing technologies, specializing in the assembly ofaerostructures, and one of the three TIER 1 companies operating in Spain, with an international presence and significantinnovative projects. It participates in the most relevant programs of the largest manufacturers in the industry such as Airbus, Boeing, or Embraer, and [&hellip;]\" \/>\n<meta property=\"og:url\" content=\"https:\/\/sixphere.com\/en\/success-case-details\/\" \/>\n<meta property=\"og:site_name\" content=\"Innovaci\u00f3n que conecta tu empresa - Sixphere Technologies\" \/>\n<meta property=\"article:publisher\" content=\"https:\/\/www.facebook.com\/6phere\/\" \/>\n<meta property=\"article:modified_time\" content=\"2025-03-11T07:46:57+00:00\" \/>\n<meta property=\"og:image\" content=\"https:\/\/sixphere.com\/wp-content\/uploads\/2024\/02\/sixphere-servicios-main.png\" \/>\n\t<meta property=\"og:image:width\" content=\"1280\" \/>\n\t<meta property=\"og:image:height\" content=\"720\" \/>\n\t<meta property=\"og:image:type\" content=\"image\/png\" \/>\n<meta name=\"twitter:card\" content=\"summary_large_image\" \/>\n<meta name=\"twitter:site\" content=\"@6phere\" \/>\n<meta name=\"twitter:label1\" content=\"Est. reading time\" \/>\n\t<meta name=\"twitter:data1\" content=\"4 minutes\" \/>\n<script type=\"application\/ld+json\" class=\"yoast-schema-graph\">{\"@context\":\"https:\\\/\\\/schema.org\",\"@graph\":[{\"@type\":\"WebPage\",\"@id\":\"https:\\\/\\\/sixphere.com\\\/en\\\/success-case-details\\\/\",\"url\":\"https:\\\/\\\/sixphere.com\\\/en\\\/success-case-details\\\/\",\"name\":\"Success case details - Innovaci\u00f3n que conecta tu empresa - Sixphere Technologies\",\"isPartOf\":{\"@id\":\"https:\\\/\\\/sixphere.com\\\/en\\\/#website\"},\"datePublished\":\"2023-11-06T11:16:52+00:00\",\"dateModified\":\"2025-03-11T07:46:57+00:00\",\"breadcrumb\":{\"@id\":\"https:\\\/\\\/sixphere.com\\\/en\\\/success-case-details\\\/#breadcrumb\"},\"inLanguage\":\"en-US\",\"potentialAction\":[{\"@type\":\"ReadAction\",\"target\":[\"https:\\\/\\\/sixphere.com\\\/en\\\/success-case-details\\\/\"]}]},{\"@type\":\"BreadcrumbList\",\"@id\":\"https:\\\/\\\/sixphere.com\\\/en\\\/success-case-details\\\/#breadcrumb\",\"itemListElement\":[{\"@type\":\"ListItem\",\"position\":1,\"name\":\"Portada\",\"item\":\"https:\\\/\\\/sixphere.com\\\/en\\\/\"},{\"@type\":\"ListItem\",\"position\":2,\"name\":\"Success case details\"}]},{\"@type\":\"WebSite\",\"@id\":\"https:\\\/\\\/sixphere.com\\\/en\\\/#website\",\"url\":\"https:\\\/\\\/sixphere.com\\\/en\\\/\",\"name\":\"Sixphere Technologies\",\"description\":\"Construimos tecnolog\u00eda de innovaci\u00f3n que conecta tu empresa de forma eficiente, \u00fatil y escalable con IA, datos, software e integraci\u00f3n.\",\"publisher\":{\"@id\":\"https:\\\/\\\/sixphere.com\\\/en\\\/#organization\"},\"potentialAction\":[{\"@type\":\"SearchAction\",\"target\":{\"@type\":\"EntryPoint\",\"urlTemplate\":\"https:\\\/\\\/sixphere.com\\\/en\\\/?s={search_term_string}\"},\"query-input\":{\"@type\":\"PropertyValueSpecification\",\"valueRequired\":true,\"valueName\":\"search_term_string\"}}],\"inLanguage\":\"en-US\"},{\"@type\":\"Organization\",\"@id\":\"https:\\\/\\\/sixphere.com\\\/en\\\/#organization\",\"name\":\"Sixphere Technologies\",\"url\":\"https:\\\/\\\/sixphere.com\\\/en\\\/\",\"logo\":{\"@type\":\"ImageObject\",\"inLanguage\":\"en-US\",\"@id\":\"https:\\\/\\\/sixphere.com\\\/en\\\/#\\\/schema\\\/logo\\\/image\\\/\",\"url\":\"https:\\\/\\\/sixphere.com\\\/wp-content\\\/uploads\\\/2023\\\/12\\\/sixphere-isopo-main.jpg\",\"contentUrl\":\"https:\\\/\\\/sixphere.com\\\/wp-content\\\/uploads\\\/2023\\\/12\\\/sixphere-isopo-main.jpg\",\"width\":750,\"height\":600,\"caption\":\"Sixphere Technologies\"},\"image\":{\"@id\":\"https:\\\/\\\/sixphere.com\\\/en\\\/#\\\/schema\\\/logo\\\/image\\\/\"},\"sameAs\":[\"https:\\\/\\\/www.facebook.com\\\/6phere\\\/\",\"https:\\\/\\\/x.com\\\/6phere\",\"https:\\\/\\\/es.linkedin.com\\\/company\\\/sixphere\"]}]}<\/script>\n<!-- \/ Yoast SEO plugin. -->","yoast_head_json":{"title":"Success case details - Innovaci\u00f3n que conecta tu empresa - Sixphere Technologies","robots":{"index":"index","follow":"follow","max-snippet":"max-snippet:-1","max-image-preview":"max-image-preview:large","max-video-preview":"max-video-preview:-1"},"canonical":"https:\/\/sixphere.com\/en\/success-case-details\/","og_locale":"en_US","og_type":"article","og_title":"Success case details - Innovaci\u00f3n que conecta tu empresa - Sixphere Technologies","og_description":"Alestis Aerospace is a leading company in engineering and manufacturing technologies, specializing in the assembly ofaerostructures, and one of the three TIER 1 companies operating in Spain, with an international presence and significantinnovative projects. It participates in the most relevant programs of the largest manufacturers in the industry such as Airbus, Boeing, or Embraer, and [&hellip;]","og_url":"https:\/\/sixphere.com\/en\/success-case-details\/","og_site_name":"Innovaci\u00f3n que conecta tu empresa - Sixphere Technologies","article_publisher":"https:\/\/www.facebook.com\/6phere\/","article_modified_time":"2025-03-11T07:46:57+00:00","og_image":[{"width":1280,"height":720,"url":"https:\/\/sixphere.com\/wp-content\/uploads\/2024\/02\/sixphere-servicios-main.png","type":"image\/png"}],"twitter_card":"summary_large_image","twitter_site":"@6phere","twitter_misc":{"Est. reading time":"4 minutes"},"schema":{"@context":"https:\/\/schema.org","@graph":[{"@type":"WebPage","@id":"https:\/\/sixphere.com\/en\/success-case-details\/","url":"https:\/\/sixphere.com\/en\/success-case-details\/","name":"Success case details - Innovaci\u00f3n que conecta tu empresa - Sixphere Technologies","isPartOf":{"@id":"https:\/\/sixphere.com\/en\/#website"},"datePublished":"2023-11-06T11:16:52+00:00","dateModified":"2025-03-11T07:46:57+00:00","breadcrumb":{"@id":"https:\/\/sixphere.com\/en\/success-case-details\/#breadcrumb"},"inLanguage":"en-US","potentialAction":[{"@type":"ReadAction","target":["https:\/\/sixphere.com\/en\/success-case-details\/"]}]},{"@type":"BreadcrumbList","@id":"https:\/\/sixphere.com\/en\/success-case-details\/#breadcrumb","itemListElement":[{"@type":"ListItem","position":1,"name":"Portada","item":"https:\/\/sixphere.com\/en\/"},{"@type":"ListItem","position":2,"name":"Success case details"}]},{"@type":"WebSite","@id":"https:\/\/sixphere.com\/en\/#website","url":"https:\/\/sixphere.com\/en\/","name":"Sixphere Technologies","description":"Construimos tecnolog\u00eda de innovaci\u00f3n que conecta tu empresa de forma eficiente, \u00fatil y escalable con IA, datos, software e integraci\u00f3n.","publisher":{"@id":"https:\/\/sixphere.com\/en\/#organization"},"potentialAction":[{"@type":"SearchAction","target":{"@type":"EntryPoint","urlTemplate":"https:\/\/sixphere.com\/en\/?s={search_term_string}"},"query-input":{"@type":"PropertyValueSpecification","valueRequired":true,"valueName":"search_term_string"}}],"inLanguage":"en-US"},{"@type":"Organization","@id":"https:\/\/sixphere.com\/en\/#organization","name":"Sixphere Technologies","url":"https:\/\/sixphere.com\/en\/","logo":{"@type":"ImageObject","inLanguage":"en-US","@id":"https:\/\/sixphere.com\/en\/#\/schema\/logo\/image\/","url":"https:\/\/sixphere.com\/wp-content\/uploads\/2023\/12\/sixphere-isopo-main.jpg","contentUrl":"https:\/\/sixphere.com\/wp-content\/uploads\/2023\/12\/sixphere-isopo-main.jpg","width":750,"height":600,"caption":"Sixphere Technologies"},"image":{"@id":"https:\/\/sixphere.com\/en\/#\/schema\/logo\/image\/"},"sameAs":["https:\/\/www.facebook.com\/6phere\/","https:\/\/x.com\/6phere","https:\/\/es.linkedin.com\/company\/sixphere"]}]}},"_links":{"self":[{"href":"https:\/\/sixphere.com\/en\/wp-json\/wp\/v2\/pages\/24546","targetHints":{"allow":["GET"]}}],"collection":[{"href":"https:\/\/sixphere.com\/en\/wp-json\/wp\/v2\/pages"}],"about":[{"href":"https:\/\/sixphere.com\/en\/wp-json\/wp\/v2\/types\/page"}],"author":[{"embeddable":true,"href":"https:\/\/sixphere.com\/en\/wp-json\/wp\/v2\/users\/1"}],"replies":[{"embeddable":true,"href":"https:\/\/sixphere.com\/en\/wp-json\/wp\/v2\/comments?post=24546"}],"version-history":[{"count":0,"href":"https:\/\/sixphere.com\/en\/wp-json\/wp\/v2\/pages\/24546\/revisions"}],"wp:attachment":[{"href":"https:\/\/sixphere.com\/en\/wp-json\/wp\/v2\/media?parent=24546"}],"curies":[{"name":"wp","href":"https:\/\/api.w.org\/{rel}","templated":true}]}}