{"id":24543,"date":"2024-05-01T17:38:41","date_gmt":"2024-05-01T15:38:41","guid":{"rendered":"https:\/\/sixphere.com\/knowledge-center-and-downloads\/"},"modified":"2025-03-10T16:45:57","modified_gmt":"2025-03-10T15:45:57","slug":"knowledge-center-and-downloads","status":"publish","type":"page","link":"https:\/\/sixphere.com\/en\/knowledge-center-and-downloads\/","title":{"rendered":"Knowledge center and downloads"},"content":{"rendered":"<p>[et_pb_section fb_built=&#8221;1&#8243; specialty=&#8221;on&#8221; _builder_version=&#8221;4.25.0&#8243; _module_preset=&#8221;default&#8221; background_color=&#8221;#FFFFFF&#8221; inner_width=&#8221;80%&#8221; inner_max_width=&#8221;80%&#8221; min_height=&#8221;100vh&#8221; custom_padding=&#8221;||200px||false|false&#8221; hover_enabled=&#8221;0&#8243; global_colors_info=&#8221;{}&#8221; inner_width_last_edited=&#8221;on|desktop&#8221; inner_max_width_last_edited=&#8221;on|desktop&#8221; sticky_enabled=&#8221;0&#8243; inner_width_tablet=&#8221;90%&#8221; inner_max_width_tablet=&#8221;90%&#8221; custom_padding_last_edited=&#8221;on|desktop&#8221; custom_padding_tablet=&#8221;||100px||false|false&#8221; inner_width_phone=&#8221;90%&#8221; inner_max_width_phone=&#8221;90%&#8221; custom_padding_phone=&#8221;||100px||false|false&#8221;][et_pb_column type=&#8221;1_2&#8243; _builder_version=&#8221;4.16&#8243; custom_padding=&#8221;|||&#8221; global_colors_info=&#8221;{}&#8221; custom_padding__hover=&#8221;|||&#8221;][et_pb_text disabled_on=&#8221;off|off|on&#8221; admin_label=&#8221;T\u00edtulo Responsive&#8221; _builder_version=&#8221;4.25.0&#8243; _module_preset=&#8221;default&#8221; text_font=&#8221;|300|||||||&#8221; text_text_color=&#8221;#000000&#8243; header_font=&#8221;|300|||||||&#8221; header_font_size=&#8221;3em&#8221; position_origin_a_tablet=&#8221;center_left&#8221; position_origin_a_phone=&#8221;center_left&#8221; position_origin_a_last_edited=&#8221;off|desktop&#8221; position_origin_f_last_edited=&#8221;off|desktop&#8221; position_origin_r_last_edited=&#8221;off|desktop&#8221; width=&#8221;50%&#8221; width_tablet=&#8221;100%&#8221; width_phone=&#8221;100%&#8221; width_last_edited=&#8221;on|tablet&#8221; custom_margin=&#8221;||40px||false|false&#8221; custom_margin_tablet=&#8221;&#8221; custom_margin_phone=&#8221;||||false|false&#8221; custom_margin_last_edited=&#8221;on|phone&#8221; text_font_size_last_edited=&#8221;off|phone&#8221; header_font_size_last_edited=&#8221;off|desktop&#8221; positioning_tablet=&#8221;none&#8221; positioning_phone=&#8221;none&#8221; positioning_last_edited=&#8221;off|desktop&#8221; locked=&#8221;off&#8221; global_colors_info=&#8221;{}&#8221;]<\/p>\n<p>At Sixphere, we believe that knowledge<b> is progress<\/b>. Search, find, and take what you need \u2013 it&#8217;s yours forever! <\/p>\n<h1 style=\"margin-top: 30px;\">Download, read,<br \/>\n<b>and invent<\/b>!<\/h1>\n<p>[\/et_pb_text][et_pb_text disabled_on=&#8221;on|on|off&#8221; admin_label=&#8221;T\u00edtulo Desktop&#8221; _builder_version=&#8221;4.25.0&#8243; _module_preset=&#8221;default&#8221; text_font=&#8221;|300|||||||&#8221; text_text_color=&#8221;#000000&#8243; header_font=&#8221;|300|||||||&#8221; position_origin_a_tablet=&#8221;center_left&#8221; position_origin_a_phone=&#8221;center_left&#8221; position_origin_a_last_edited=&#8221;on|phone&#8221; position_origin_f_tablet=&#8221;&#8221; position_origin_f_phone=&#8221;&#8221; position_origin_f_last_edited=&#8221;on|phone&#8221; position_origin_r_tablet=&#8221;&#8221; position_origin_r_phone=&#8221;&#8221; position_origin_r_last_edited=&#8221;on|phone&#8221; width=&#8221;90%&#8221; width_tablet=&#8221;100%&#8221; width_phone=&#8221;100%&#8221; width_last_edited=&#8221;off|desktop&#8221; custom_margin=&#8221;||40px||false|false&#8221; custom_margin_tablet=&#8221;&#8221; custom_margin_phone=&#8221;||||false|false&#8221; custom_margin_last_edited=&#8221;on|phone&#8221; text_font_size_last_edited=&#8221;off|desktop&#8221; header_font_size_last_edited=&#8221;off|desktop&#8221; positioning_tablet=&#8221;none&#8221; positioning_phone=&#8221;none&#8221; positioning_last_edited=&#8221;on|desktop&#8221; locked=&#8221;off&#8221; global_colors_info=&#8221;{}&#8221;]<\/p>\n<h1>Download, read, <br \/><b>and invent<\/b>!<\/h1>\n<p style=\"margin-top: 30px;\">At Sixphere, we believe that knowledge<b> is progress<\/b>. Search, find, and take what you need \u2013 it&#8217;s yours forever! <\/p>\n<p>[\/et_pb_text][et_pb_button button_url=&#8221;https:\/\/meetings.hubspot.com\/jesus-maria-jurado&#8221; url_new_window=&#8221;on&#8221; button_text=&#8221;Schedule a meeting now&#8221; button_alignment=&#8221;left&#8221; _builder_version=&#8221;4.25.0&#8243; _module_preset=&#8221;default&#8221; custom_button=&#8221;on&#8221; button_text_size=&#8221;20px&#8221; button_text_color=&#8221;#FFFFFF&#8221; button_bg_color=&#8221;#683DEF&#8221; button_border_width=&#8221;0px&#8221; button_border_radius=&#8221;12px&#8221; button_font=&#8221;||||||||&#8221; button_icon=&#8221;&#xe023;||divi||400&#8243; button_icon_color=&#8221;#FFFFFF&#8221; button_icon_placement=&#8221;left&#8221; button_on_hover=&#8221;off&#8221; custom_margin=&#8221;50px||||false|false&#8221; custom_padding=&#8221;10px|25px|10px|50px|true|false&#8221; locked=&#8221;off&#8221; global_colors_info=&#8221;{}&#8221;][\/et_pb_button][\/et_pb_column][et_pb_column type=&#8221;1_2&#8243; specialty_columns=&#8221;2&#8243; _builder_version=&#8221;4.16&#8243; custom_padding=&#8221;|||&#8221; global_colors_info=&#8221;{}&#8221; custom_padding__hover=&#8221;|||&#8221;][et_pb_row_inner _builder_version=&#8221;4.25.0&#8243; _module_preset=&#8221;default&#8221; custom_padding=&#8221;0px||0px||false|false&#8221; hover_enabled=&#8221;0&#8243; global_colors_info=&#8221;{}&#8221; custom_margin_last_edited=&#8221;on|desktop&#8221; sticky_enabled=&#8221;0&#8243; custom_margin_tablet=&#8221;50px||||false|false&#8221; custom_margin_phone=&#8221;50px||||false|false&#8221;][et_pb_column_inner saved_specialty_column_type=&#8221;1_2&#8243; _builder_version=&#8221;4.25.0&#8243; _module_preset=&#8221;default&#8221; global_colors_info=&#8221;{}&#8221;][et_pb_blurb title=&#8221;Free eBook&#8221; image=&#8221;https:\/\/sixphere.com\/wp-content\/uploads\/2024\/02\/help.png&#8221; alt=&#8221;We assist your data design and analysis process&#8221; _builder_version=&#8221;4.25.0&#8243; _module_preset=&#8221;default&#8221; header_level=&#8221;h2&#8243; header_font=&#8221;&#8211;et_global_heading_font|600|||||||&#8221; header_text_color=&#8221;#FF0E57&#8243; header_font_size=&#8221;20px&#8221; body_font=&#8221;&#8211;et_global_heading_font|300|||||||&#8221; body_font_size=&#8221;20px&#8221; body_line_height=&#8221;1.2em&#8221; width=&#8221;100%&#8221; max_width=&#8221;450px&#8221; module_alignment=&#8221;center&#8221; custom_css_free_form=&#8221;selector .et_pb_main_blurb_image {||  background-color: #ff0e57;||}||||selector .et_pb_main_blurb_image img {||  width: 90%;||  max-width: 500px;||}||||selector .et_pb_blurb_content {||  max-width: 100%;||}||||selector .et_pb_main_blurb_image {||  padding: 50px;||  max-width: 100%;||  width: 100%;||}||||selector .et_pb_blurb_container {||  padding: 5%;||}||selector button {||  width: 100%;||  padding: 15px;||  border-radius: 30px;||  border-width: 1px;||  font-size: 16px;||  margin-top: 30px;||  margin-bottom: 40px;||  color: #fff;||  background-color: #ff0e57;||  cursor: pointer;||}&#8221; custom_css_blurb_title=&#8221;font-size: 18px !important;&#8221; custom_css_blurb_content=&#8221;h5 { font-weight: 300 !important;||font-size: 20px !important;||  line-height: 1.4em !important; ||margin-top:20px}&#8221; border_radii=&#8221;on|4px|4px|4px|4px&#8221; border_width_all=&#8221;1px&#8221; border_color_all=&#8221;#EBEAED&#8221; global_colors_info=&#8221;{}&#8221;]<\/p>\n<h5>Get to know the specifics of<b> calculating the OEE indicator in production lines<\/b> and the conditions that a process must meet for automating its calculation.<\/h5>\n<p><a href=\"https:\/\/sixphere.com\/ebook-eficiencia-oee-pdf\" target=\"_blank\" title=\"Download your free ebook\" rel=\"noopener\"><button>DOWNLOAD YOUR EBOOK<\/button><\/a><\/p>\n<p>[\/et_pb_blurb][et_pb_blurb title=&#8221;Free eBook&#8221; image=&#8221;https:\/\/sixphere.com\/wp-content\/uploads\/2024\/02\/help.png&#8221; alt=&#8221;We assist your data design and analysis process&#8221; _builder_version=&#8221;4.25.0&#8243; _module_preset=&#8221;default&#8221; header_level=&#8221;h2&#8243; header_font=&#8221;&#8211;et_global_heading_font|600|||||||&#8221; header_text_color=&#8221;#FF0E57&#8243; header_font_size=&#8221;20px&#8221; body_font=&#8221;&#8211;et_global_heading_font|300|||||||&#8221; body_font_size=&#8221;20px&#8221; body_line_height=&#8221;1.2em&#8221; width=&#8221;100%&#8221; max_width=&#8221;450px&#8221; module_alignment=&#8221;center&#8221; custom_css_free_form=&#8221;selector .et_pb_main_blurb_image {||  background-color: #11E4B2;||}||||selector .et_pb_main_blurb_image img {||  width: 90%;||  max-width: 500px;||}||||selector .et_pb_blurb_content {||  max-width: 100%;||}||||selector .et_pb_main_blurb_image {||  padding: 50px;||  max-width: 100%;||  width: 100%;||}||||selector .et_pb_blurb_container {||  padding: 5%;||}||selector button {||  width: 100%;||  padding: 15px;||  border-radius: 30px;||  border-width: 1px;||  font-size: 16px;||  margin-top: 30px;||  margin-bottom: 40px;||  color: #000;||  background-color: #11E4B2;||  cursor: pointer;||}&#8221; custom_css_blurb_title=&#8221;font-size: 18px !important;&#8221; custom_css_blurb_content=&#8221;h5 { font-weight: 300 !important;||font-size: 20px !important;||  line-height: 1.4em !important; ||margin-top:20px}&#8221; border_radii=&#8221;on|4px|4px|4px|4px&#8221; border_width_all=&#8221;1px&#8221; border_color_all=&#8221;#EBEAED&#8221; global_colors_info=&#8221;{}&#8221;]<\/p>\n<h5>Data is alive, it has power, and it&#8217;s eager to help you improve your business. Discover how to manage and execute data-driven projects<b> and apply them to the real world<\/b>. <\/h5>\n<p><a href=\"https:\/\/sixphere.com\/ebook-proyecto-datos-anal%C3%ADtica.pdf\" target=\"_blank\" title=\"Download your free ebook\" rel=\"noopener\"><button>DOWNLOAD YOUR EBOOK<\/button><\/a>[\/et_pb_blurb][\/et_pb_column_inner][\/et_pb_row_inner][\/et_pb_column][\/et_pb_section]<\/p>\n","protected":false},"excerpt":{"rendered":"<p>We believe that knowledge is progress. Search, find, and take what you need, it&#8217;s yours! Sixphere knowledge center and downloads.  <\/p>\n","protected":false},"author":1,"featured_media":0,"parent":0,"menu_order":0,"comment_status":"closed","ping_status":"closed","template":"","meta":{"_acf_changed":false,"_et_pb_use_builder":"on","_et_pb_old_content":"","_et_gb_content_width":"","content-type":"","footnotes":""},"class_list":["post-24543","page","type-page","status-publish","hentry"],"acf":[],"yoast_head":"<!-- This site is optimized with the Yoast SEO plugin v27.4 - https:\/\/yoast.com\/product\/yoast-seo-wordpress\/ -->\n<title>Knowledge center and downloads - Sixphere - Innovaci\u00f3n que conecta tu empresa<\/title>\n<meta name=\"description\" content=\"We believe that knowledge is progress. Search, find, and take what you need, it&#039;s yours! Sixphere knowledge center and downloads.\" \/>\n<meta name=\"robots\" content=\"index, nofollow, max-snippet:-1, max-image-preview:large, max-video-preview:-1\" \/>\n<link rel=\"canonical\" href=\"https:\/\/sixphere.com\/en\/knowledge-center-and-downloads\/\" \/>\n<meta property=\"og:locale\" content=\"en_US\" \/>\n<meta property=\"og:type\" content=\"article\" \/>\n<meta property=\"og:title\" content=\"Knowledge center and downloads - Sixphere - Innovaci\u00f3n que conecta tu empresa\" \/>\n<meta property=\"og:description\" content=\"We believe that knowledge is progress. Search, find, and take what you need, it&#039;s yours! Sixphere knowledge center and downloads.\" \/>\n<meta property=\"og:url\" content=\"https:\/\/sixphere.com\/en\/knowledge-center-and-downloads\/\" \/>\n<meta property=\"og:site_name\" content=\"Sixphere - Innovaci\u00f3n que conecta tu empresa\" \/>\n<meta property=\"article:publisher\" content=\"https:\/\/www.facebook.com\/6phere\/\" \/>\n<meta property=\"article:modified_time\" content=\"2025-03-10T15:45:57+00:00\" \/>\n<meta property=\"og:image\" content=\"https:\/\/sixphere.com\/wp-content\/uploads\/2024\/02\/sixphere-servicios-main.png\" \/>\n\t<meta property=\"og:image:width\" content=\"1280\" \/>\n\t<meta property=\"og:image:height\" content=\"720\" \/>\n\t<meta property=\"og:image:type\" content=\"image\/png\" \/>\n<meta name=\"twitter:card\" content=\"summary_large_image\" \/>\n<meta name=\"twitter:site\" content=\"@6phere\" \/>\n<meta name=\"twitter:label1\" content=\"Est. reading time\" \/>\n\t<meta name=\"twitter:data1\" content=\"5 minutes\" \/>\n<script type=\"application\/ld+json\" class=\"yoast-schema-graph\">{\"@context\":\"https:\\\/\\\/schema.org\",\"@graph\":[{\"@type\":\"WebPage\",\"@id\":\"https:\\\/\\\/sixphere.com\\\/en\\\/knowledge-center-and-downloads\\\/\",\"url\":\"https:\\\/\\\/sixphere.com\\\/en\\\/knowledge-center-and-downloads\\\/\",\"name\":\"Knowledge center and downloads - Sixphere - Innovaci\u00f3n que conecta tu empresa\",\"isPartOf\":{\"@id\":\"https:\\\/\\\/sixphere.com\\\/en\\\/#website\"},\"datePublished\":\"2024-05-01T15:38:41+00:00\",\"dateModified\":\"2025-03-10T15:45:57+00:00\",\"description\":\"We believe that knowledge is progress. Search, find, and take what you need, it's yours! Sixphere knowledge center and downloads.\",\"breadcrumb\":{\"@id\":\"https:\\\/\\\/sixphere.com\\\/en\\\/knowledge-center-and-downloads\\\/#breadcrumb\"},\"inLanguage\":\"en-US\",\"potentialAction\":[{\"@type\":\"ReadAction\",\"target\":[\"https:\\\/\\\/sixphere.com\\\/en\\\/knowledge-center-and-downloads\\\/\"]}]},{\"@type\":\"BreadcrumbList\",\"@id\":\"https:\\\/\\\/sixphere.com\\\/en\\\/knowledge-center-and-downloads\\\/#breadcrumb\",\"itemListElement\":[{\"@type\":\"ListItem\",\"position\":1,\"name\":\"Portada\",\"item\":\"https:\\\/\\\/sixphere.com\\\/en\\\/\"},{\"@type\":\"ListItem\",\"position\":2,\"name\":\"Knowledge center and downloads\"}]},{\"@type\":\"WebSite\",\"@id\":\"https:\\\/\\\/sixphere.com\\\/en\\\/#website\",\"url\":\"https:\\\/\\\/sixphere.com\\\/en\\\/\",\"name\":\"Sixphere Technologies\",\"description\":\"Construimos tecnolog\u00eda de innovaci\u00f3n que conecta tu empresa de forma eficiente, \u00fatil y escalable con IA, datos, software e integraci\u00f3n.\",\"publisher\":{\"@id\":\"https:\\\/\\\/sixphere.com\\\/en\\\/#organization\"},\"potentialAction\":[{\"@type\":\"SearchAction\",\"target\":{\"@type\":\"EntryPoint\",\"urlTemplate\":\"https:\\\/\\\/sixphere.com\\\/en\\\/?s={search_term_string}\"},\"query-input\":{\"@type\":\"PropertyValueSpecification\",\"valueRequired\":true,\"valueName\":\"search_term_string\"}}],\"inLanguage\":\"en-US\"},{\"@type\":\"Organization\",\"@id\":\"https:\\\/\\\/sixphere.com\\\/en\\\/#organization\",\"name\":\"Sixphere Technologies\",\"url\":\"https:\\\/\\\/sixphere.com\\\/en\\\/\",\"logo\":{\"@type\":\"ImageObject\",\"inLanguage\":\"en-US\",\"@id\":\"https:\\\/\\\/sixphere.com\\\/en\\\/#\\\/schema\\\/logo\\\/image\\\/\",\"url\":\"https:\\\/\\\/sixphere.com\\\/wp-content\\\/uploads\\\/2023\\\/12\\\/sixphere-isopo-main.jpg\",\"contentUrl\":\"https:\\\/\\\/sixphere.com\\\/wp-content\\\/uploads\\\/2023\\\/12\\\/sixphere-isopo-main.jpg\",\"width\":750,\"height\":600,\"caption\":\"Sixphere Technologies\"},\"image\":{\"@id\":\"https:\\\/\\\/sixphere.com\\\/en\\\/#\\\/schema\\\/logo\\\/image\\\/\"},\"sameAs\":[\"https:\\\/\\\/www.facebook.com\\\/6phere\\\/\",\"https:\\\/\\\/x.com\\\/6phere\",\"https:\\\/\\\/es.linkedin.com\\\/company\\\/sixphere\"]}]}<\/script>\n<!-- \/ Yoast SEO plugin. -->","yoast_head_json":{"title":"Knowledge center and downloads - Sixphere - Innovaci\u00f3n que conecta tu empresa","description":"We believe that knowledge is progress. Search, find, and take what you need, it's yours! Sixphere knowledge center and downloads.","robots":{"index":"index","follow":"nofollow","max-snippet":"max-snippet:-1","max-image-preview":"max-image-preview:large","max-video-preview":"max-video-preview:-1"},"canonical":"https:\/\/sixphere.com\/en\/knowledge-center-and-downloads\/","og_locale":"en_US","og_type":"article","og_title":"Knowledge center and downloads - Sixphere - Innovaci\u00f3n que conecta tu empresa","og_description":"We believe that knowledge is progress. Search, find, and take what you need, it's yours! Sixphere knowledge center and downloads.","og_url":"https:\/\/sixphere.com\/en\/knowledge-center-and-downloads\/","og_site_name":"Sixphere - Innovaci\u00f3n que conecta tu empresa","article_publisher":"https:\/\/www.facebook.com\/6phere\/","article_modified_time":"2025-03-10T15:45:57+00:00","og_image":[{"width":1280,"height":720,"url":"https:\/\/sixphere.com\/wp-content\/uploads\/2024\/02\/sixphere-servicios-main.png","type":"image\/png"}],"twitter_card":"summary_large_image","twitter_site":"@6phere","twitter_misc":{"Est. reading time":"5 minutes"},"schema":{"@context":"https:\/\/schema.org","@graph":[{"@type":"WebPage","@id":"https:\/\/sixphere.com\/en\/knowledge-center-and-downloads\/","url":"https:\/\/sixphere.com\/en\/knowledge-center-and-downloads\/","name":"Knowledge center and downloads - Sixphere - Innovaci\u00f3n que conecta tu empresa","isPartOf":{"@id":"https:\/\/sixphere.com\/en\/#website"},"datePublished":"2024-05-01T15:38:41+00:00","dateModified":"2025-03-10T15:45:57+00:00","description":"We believe that knowledge is progress. Search, find, and take what you need, it's yours! Sixphere knowledge center and downloads.","breadcrumb":{"@id":"https:\/\/sixphere.com\/en\/knowledge-center-and-downloads\/#breadcrumb"},"inLanguage":"en-US","potentialAction":[{"@type":"ReadAction","target":["https:\/\/sixphere.com\/en\/knowledge-center-and-downloads\/"]}]},{"@type":"BreadcrumbList","@id":"https:\/\/sixphere.com\/en\/knowledge-center-and-downloads\/#breadcrumb","itemListElement":[{"@type":"ListItem","position":1,"name":"Portada","item":"https:\/\/sixphere.com\/en\/"},{"@type":"ListItem","position":2,"name":"Knowledge center and downloads"}]},{"@type":"WebSite","@id":"https:\/\/sixphere.com\/en\/#website","url":"https:\/\/sixphere.com\/en\/","name":"Sixphere Technologies","description":"Construimos tecnolog\u00eda de innovaci\u00f3n que conecta tu empresa de forma eficiente, \u00fatil y escalable con IA, datos, software e integraci\u00f3n.","publisher":{"@id":"https:\/\/sixphere.com\/en\/#organization"},"potentialAction":[{"@type":"SearchAction","target":{"@type":"EntryPoint","urlTemplate":"https:\/\/sixphere.com\/en\/?s={search_term_string}"},"query-input":{"@type":"PropertyValueSpecification","valueRequired":true,"valueName":"search_term_string"}}],"inLanguage":"en-US"},{"@type":"Organization","@id":"https:\/\/sixphere.com\/en\/#organization","name":"Sixphere Technologies","url":"https:\/\/sixphere.com\/en\/","logo":{"@type":"ImageObject","inLanguage":"en-US","@id":"https:\/\/sixphere.com\/en\/#\/schema\/logo\/image\/","url":"https:\/\/sixphere.com\/wp-content\/uploads\/2023\/12\/sixphere-isopo-main.jpg","contentUrl":"https:\/\/sixphere.com\/wp-content\/uploads\/2023\/12\/sixphere-isopo-main.jpg","width":750,"height":600,"caption":"Sixphere Technologies"},"image":{"@id":"https:\/\/sixphere.com\/en\/#\/schema\/logo\/image\/"},"sameAs":["https:\/\/www.facebook.com\/6phere\/","https:\/\/x.com\/6phere","https:\/\/es.linkedin.com\/company\/sixphere"]}]}},"_links":{"self":[{"href":"https:\/\/sixphere.com\/en\/wp-json\/wp\/v2\/pages\/24543","targetHints":{"allow":["GET"]}}],"collection":[{"href":"https:\/\/sixphere.com\/en\/wp-json\/wp\/v2\/pages"}],"about":[{"href":"https:\/\/sixphere.com\/en\/wp-json\/wp\/v2\/types\/page"}],"author":[{"embeddable":true,"href":"https:\/\/sixphere.com\/en\/wp-json\/wp\/v2\/users\/1"}],"replies":[{"embeddable":true,"href":"https:\/\/sixphere.com\/en\/wp-json\/wp\/v2\/comments?post=24543"}],"version-history":[{"count":0,"href":"https:\/\/sixphere.com\/en\/wp-json\/wp\/v2\/pages\/24543\/revisions"}],"wp:attachment":[{"href":"https:\/\/sixphere.com\/en\/wp-json\/wp\/v2\/media?parent=24543"}],"curies":[{"name":"wp","href":"https:\/\/api.w.org\/{rel}","templated":true}]}}